{"id":890,"date":"2020-11-10T19:25:15","date_gmt":"2020-11-10T18:25:15","guid":{"rendered":"https:\/\/orbit-zavlahy.sk\/eshop\/?post_type=product&#038;p=890"},"modified":"2022-07-04T14:25:52","modified_gmt":"2022-07-04T12:25:52","slug":"rozsirenie-vonkajsieho-systemu-basic-3-8%ca%ba-basic-extension-3-8%ca%ba","status":"publish","type":"product","link":"https:\/\/orbit-zavlahy.sk\/obchod\/product\/rozsirenie-vonkajsieho-systemu-basic-3-8%ca%ba-basic-extension-3-8%ca%ba\/","title":{"rendered":"Roz\u0161\u00edrenie vonkaj\u0161ieho syst\u00e9mu Basic 3\/8\u02ba &#8211; Basic Extension 3\/8\u02ba"},"content":{"rendered":"","protected":false},"excerpt":{"rendered":"<p>Vonkaj\u0161\u00ed hmlov\u00fd syst\u00e9m Basic Extension prid\u00e1va 3 m ochladzovacej\/zavla\u017eovacej<br \/>\nsekcie k existuj\u00facemu syst\u00e9mu Basic. K syst\u00e9mu mo\u017eno pripoji\u0165<br \/>\n4 Extension sekcie, \u010d\u00edm dosiahneme 15,2 m ochladzovac\u00ed\/zavla\u017eovac\u00ed syst\u00e9m.<br \/>\n\u2022 Skvel\u00fd pre roz\u0161\u00edrenie existuj\u00faceho syst\u00e9mu Basic.<br \/>\n\u2022 Prid\u00e1va \u010fal\u0161ie 3 m osvie\u017eovania\/zavla\u017eovania.<br \/>\n\u2022 Prednastaven\u00fd pre jednoduch\u00fa in\u0161tal\u00e1ciu.<br \/>\n\u2022 Odoln\u00e9 UV \u017eiareniu, 3\/8\u02ba flexibiln\u00e9 potrubie.<br \/>\n\u2022 4 roky z\u00e1ruka.<br \/>\n\u2022 Pre vonkaj\u0161ie pou\u017eitie iba so studenou vodou.<\/p>\n","protected":false},"featured_media":3367,"template":"","meta":{"spay_email":""},"product_cat":[60,29],"product_tag":[],"_links":{"self":[{"href":"https:\/\/orbit-zavlahy.sk\/obchod\/wp-json\/wp\/v2\/product\/890"}],"collection":[{"href":"https:\/\/orbit-zavlahy.sk\/obchod\/wp-json\/wp\/v2\/product"}],"about":[{"href":"https:\/\/orbit-zavlahy.sk\/obchod\/wp-json\/wp\/v2\/types\/product"}],"wp:featuredmedia":[{"embeddable":true,"href":"https:\/\/orbit-zavlahy.sk\/obchod\/wp-json\/wp\/v2\/media\/3367"}],"wp:attachment":[{"href":"https:\/\/orbit-zavlahy.sk\/obchod\/wp-json\/wp\/v2\/media?parent=890"}],"wp:term":[{"taxonomy":"product_cat","embeddable":true,"href":"https:\/\/orbit-zavlahy.sk\/obchod\/wp-json\/wp\/v2\/product_cat?post=890"},{"taxonomy":"product_tag","embeddable":true,"href":"https:\/\/orbit-zavlahy.sk\/obchod\/wp-json\/wp\/v2\/product_tag?post=890"}],"curies":[{"name":"wp","href":"https:\/\/api.w.org\/{rel}","templated":true}]}}