{"id":886,"date":"2020-11-10T19:19:50","date_gmt":"2020-11-10T18:19:50","guid":{"rendered":"https:\/\/orbit-zavlahy.sk\/eshop\/?post_type=product&#038;p=886"},"modified":"2021-07-23T11:12:57","modified_gmt":"2021-07-23T09:12:57","slug":"vonkajsi-mist-kit-basic-3-8%ca%ba","status":"publish","type":"product","link":"https:\/\/orbit-zavlahy.sk\/obchod\/product\/vonkajsi-mist-kit-basic-3-8%ca%ba\/","title":{"rendered":"Vonkaj\u0161\u00ed Mist kit Basic 3\/8\u02ba"},"content":{"rendered":"<p>Na stiahnutie &#8211; N\u00c1VOD &#8211; <a href=\"https:\/\/orbit-zavlahy.sk\/obchod\/wp-content\/uploads\/2020\/11\/mist-kit-Basic-navod.pdf\">Vonkaj\u0161\u00ed Mist kit Basic 3\/8\u02ba<\/a><\/p>\n","protected":false},"excerpt":{"rendered":"<p>Vonkaj\u0161\u00ed hmlov\u00fd syst\u00e9m Basic predstavuje 3 m prednastavenej flexibilnej<br \/>\nochladzovacej\/zavla\u017eovacej sekcie, pripravenej na zn\u00ed\u017eenie okolitej teploty a\u017e<br \/>\no 11\u00b0C. Pou\u017eit\u00edm vonkaj\u0161ieho hmlov\u00e9ho syst\u00e9mu Basic Extension 3\/8\u02ba mo\u017eno syst\u00e9m<br \/>\njednoducho roz\u0161\u00edri\u0165 na 15,2 m.<br \/>\n\u2022 Skvel\u00fd na ochladzovanie vonkaj\u0161\u00edch priestorov.<br \/>\n\u2022 Pokrytie hmlou do 3 m.<br \/>\n\u2022 Roz\u0161\u00edrite\u013en\u00fd a\u017e do 15,2 m.<br \/>\n\u2022 Nain\u0161talovan\u00fd do 30 min\u00fat.<br \/>\n\u2022 4 roky z\u00e1ruka.<br \/>\n\u2022 D\u00e1 sa pripoji\u0165 k hocijakej \u0161tandardnej z\u00e1hradnej hadici.<\/p>\n","protected":false},"featured_media":1236,"template":"","meta":{"spay_email":""},"product_cat":[60,29],"product_tag":[],"_links":{"self":[{"href":"https:\/\/orbit-zavlahy.sk\/obchod\/wp-json\/wp\/v2\/product\/886"}],"collection":[{"href":"https:\/\/orbit-zavlahy.sk\/obchod\/wp-json\/wp\/v2\/product"}],"about":[{"href":"https:\/\/orbit-zavlahy.sk\/obchod\/wp-json\/wp\/v2\/types\/product"}],"wp:featuredmedia":[{"embeddable":true,"href":"https:\/\/orbit-zavlahy.sk\/obchod\/wp-json\/wp\/v2\/media\/1236"}],"wp:attachment":[{"href":"https:\/\/orbit-zavlahy.sk\/obchod\/wp-json\/wp\/v2\/media?parent=886"}],"wp:term":[{"taxonomy":"product_cat","embeddable":true,"href":"https:\/\/orbit-zavlahy.sk\/obchod\/wp-json\/wp\/v2\/product_cat?post=886"},{"taxonomy":"product_tag","embeddable":true,"href":"https:\/\/orbit-zavlahy.sk\/obchod\/wp-json\/wp\/v2\/product_tag?post=886"}],"curies":[{"name":"wp","href":"https:\/\/api.w.org\/{rel}","templated":true}]}}