{"id":880,"date":"2020-11-10T19:15:31","date_gmt":"2020-11-10T18:15:31","guid":{"rendered":"https:\/\/orbit-zavlahy.sk\/eshop\/?post_type=product&#038;p=880"},"modified":"2020-11-12T10:10:29","modified_gmt":"2020-11-12T09:10:29","slug":"prenosny-hmlovy-osviezovac-cobra","status":"publish","type":"product","link":"https:\/\/orbit-zavlahy.sk\/obchod\/product\/prenosny-hmlovy-osviezovac-cobra\/","title":{"rendered":"Prenosn\u00fd hmlov\u00fd osvie\u017eova\u010d Cobra"},"content":{"rendered":"","protected":false},"excerpt":{"rendered":"<p>Prenosn\u00fd samonosn\u00fd hmlov\u00fd osvie\u017eova\u010d Cobra poskytuje okam\u017eit\u00fa \u00fa\u013eavu od tepla<br \/>\nprodukovan\u00edm ultrajemnej hmly, ktor\u00e1 zni\u017euje okolit\u00fa teplotu a\u017e o 11\u02daC. Jednoducho<br \/>\npripojte \u013eubovo\u013en\u00fa z\u00e1hradn\u00fa hadicu k adapt\u00e9ru a pustite vodu.<br \/>\n\u2022 Vynikaj\u00faci pri opa\u013eovan\u00ed, pr\u00e1ci v z\u00e1hrade, osvie\u017eovan\u00ed Va\u0161ich dom\u00e1cich mil\u00e1\u010dikov,<br \/>\n\u2022 barbecue a zavla\u017eovan\u00ed exotick\u00fdch rastl\u00edn.<br \/>\n\u2022 Samonosn\u00fd osvie\u017eova\u010d kompatibiln\u00fd s \u013eubovo\u013enou z\u00e1hradnou hadicou.<br \/>\n\u2022 Dve hmlov\u00e9 trysky poskytuj\u00fa s\u00fastreden\u00e9 hmlov\u00e9 osvie\u017eovanie.<br \/>\n\u2022 Trv\u00e1cna PVC kon\u0161trukcia.<br \/>\n\u2022 Dostupn\u00fd v 4 farb\u00e1ch: modr\u00e1, zelen\u00e1, siv\u00e1 a tyrkysov\u00e1.<br \/>\n\u2022 Vonkaj\u0161ie pou\u017eitie iba so studenou vodou<\/p>\n","protected":false},"featured_media":1580,"template":"","meta":{"spay_email":""},"product_cat":[29,59],"product_tag":[],"_links":{"self":[{"href":"https:\/\/orbit-zavlahy.sk\/obchod\/wp-json\/wp\/v2\/product\/880"}],"collection":[{"href":"https:\/\/orbit-zavlahy.sk\/obchod\/wp-json\/wp\/v2\/product"}],"about":[{"href":"https:\/\/orbit-zavlahy.sk\/obchod\/wp-json\/wp\/v2\/types\/product"}],"wp:featuredmedia":[{"embeddable":true,"href":"https:\/\/orbit-zavlahy.sk\/obchod\/wp-json\/wp\/v2\/media\/1580"}],"wp:attachment":[{"href":"https:\/\/orbit-zavlahy.sk\/obchod\/wp-json\/wp\/v2\/media?parent=880"}],"wp:term":[{"taxonomy":"product_cat","embeddable":true,"href":"https:\/\/orbit-zavlahy.sk\/obchod\/wp-json\/wp\/v2\/product_cat?post=880"},{"taxonomy":"product_tag","embeddable":true,"href":"https:\/\/orbit-zavlahy.sk\/obchod\/wp-json\/wp\/v2\/product_tag?post=880"}],"curies":[{"name":"wp","href":"https:\/\/api.w.org\/{rel}","templated":true}]}}