{"id":879,"date":"2020-11-10T19:14:11","date_gmt":"2020-11-10T18:14:11","guid":{"rendered":"https:\/\/orbit-zavlahy.sk\/eshop\/?post_type=product&#038;p=879"},"modified":"2021-07-23T10:55:41","modified_gmt":"2021-07-23T08:55:41","slug":"teleskopicka-trojnozka","status":"publish","type":"product","link":"https:\/\/orbit-zavlahy.sk\/obchod\/product\/teleskopicka-trojnozka\/","title":{"rendered":"Teleskopick\u00e1 trojno\u017eka"},"content":{"rendered":"<p><a href=\"https:\/\/orbit-zavlahy.sk\/obchod\/wp-content\/uploads\/woocommerce_uploads\/2020\/11\/Teleskopicka-trojnozka-6jwp6d.pdf\">N\u00c1VOD &#8211; teleskopick\u00e1 trojno\u017eka<\/a><\/p>\n","protected":false},"excerpt":{"rendered":"<p>stojan na n\u00edzko-strednotlakov\u00fd hmlov\u00fd osvie\u017eova\u010d<br \/>\nStojanov\u00fd hmlov\u00fd osvie\u017eova\u010d m\u00e1 \u013eubovo\u013ene nastavite\u013en\u00fa v\u00fd\u0161ku v rozmedz\u00ed od<br \/>\n0,83m a\u017e do 2,21 m. \u0160ir\u0161ie rozlo\u017eenie n\u00f4h poskytuje lep\u0161iu stabilitu. Kon\u0161trukcia<br \/>\nkovovej trojno\u017eky poskytuje ako trv\u00e1cnos\u0165, tak aj estetick\u00fd dojem. Stojanov\u00fd<br \/>\nosvie\u017eova\u010d ustoj\u00ed tlak vody a\u017e do v\u00fd\u0161ky 11 barov, ak sa pripoj\u00ed k podporn\u00e9mu<br \/>\n\u010derpadlu.<br \/>\n\u2022 Kompatibilita do tlaku 11 barov.<br \/>\n\u2022 Nastavite\u013en\u00e1 v\u00fd\u0161ka v rozmedz\u00ed 0,83 \u2013 2,21 m.<br \/>\n\u2022 Skvel\u00fd na terasu a osvie\u017eovanie v exteri\u00e9ri.<br \/>\n\u2022 Vonkaj\u0161ie pou\u017eitie iba so studenou vodou.<br \/>\n\u2022 4 roky z\u00e1ruka.<\/p>\n","protected":false},"featured_media":1583,"template":"","meta":{"spay_email":""},"product_cat":[29,59],"product_tag":[],"_links":{"self":[{"href":"https:\/\/orbit-zavlahy.sk\/obchod\/wp-json\/wp\/v2\/product\/879"}],"collection":[{"href":"https:\/\/orbit-zavlahy.sk\/obchod\/wp-json\/wp\/v2\/product"}],"about":[{"href":"https:\/\/orbit-zavlahy.sk\/obchod\/wp-json\/wp\/v2\/types\/product"}],"wp:featuredmedia":[{"embeddable":true,"href":"https:\/\/orbit-zavlahy.sk\/obchod\/wp-json\/wp\/v2\/media\/1583"}],"wp:attachment":[{"href":"https:\/\/orbit-zavlahy.sk\/obchod\/wp-json\/wp\/v2\/media?parent=879"}],"wp:term":[{"taxonomy":"product_cat","embeddable":true,"href":"https:\/\/orbit-zavlahy.sk\/obchod\/wp-json\/wp\/v2\/product_cat?post=879"},{"taxonomy":"product_tag","embeddable":true,"href":"https:\/\/orbit-zavlahy.sk\/obchod\/wp-json\/wp\/v2\/product_tag?post=879"}],"curies":[{"name":"wp","href":"https:\/\/api.w.org\/{rel}","templated":true}]}}