{"id":877,"date":"2020-11-10T19:04:44","date_gmt":"2020-11-10T18:04:44","guid":{"rendered":"https:\/\/orbit-zavlahy.sk\/eshop\/?post_type=product&#038;p=877"},"modified":"2020-11-25T08:38:12","modified_gmt":"2020-11-25T07:38:12","slug":"prenosny-hmlovy-osviezovac-viper","status":"publish","type":"product","link":"https:\/\/orbit-zavlahy.sk\/obchod\/product\/prenosny-hmlovy-osviezovac-viper\/","title":{"rendered":"Prenosn\u00fd hmlov\u00fd osvie\u017eova\u010d Viper"},"content":{"rendered":"","protected":false},"excerpt":{"rendered":"<p>Flexibiln\u00fd samonosn\u00fd osvie\u017eova\u010d Viper 12,7 mm predstavuje skvel\u00fd a pohodln\u00fd<br \/>\nsp\u00f4sob, ako sa osvie\u017ei\u0165 po\u010das hor\u00faceho d\u0148a. Skvele sl\u00fa\u017ei na jemn\u00e9 zavla\u017eovanie<br \/>\nmenej n\u00e1ro\u010dn\u00fdch a na vodu citliv\u00fdch rastl\u00edn.<br \/>\n\u2022 Dostupn\u00fd v dvoch farb\u00e1ch: modr\u00e1 a zelen\u00e1.<br \/>\n\u2022 Flexibiln\u00e1 trubica so zachovan\u00edm tvaru.<br \/>\n\u2022 Mo\u017enos\u0165 ovin\u00fa\u0165 okolo stromov, ty\u010d\u00ed, stoli\u010diek, slne\u010dn\u00edkov, pre univerz\u00e1lne hmlov\u00e9<br \/>\n\u2022 osvie\u017eovanie.<br \/>\n\u2022 Pripojite\u013en\u00e9 k \u0161tandardn\u00e9mu hadicov\u00e9mu koh\u00fatiku.<br \/>\n\u2022 D\u013a\u017eka trubice 1,8 m, dve trysky z mosadze a nerezovej ocele.<\/p>\n","protected":false},"featured_media":2210,"template":"","meta":{"spay_email":""},"product_cat":[29,59],"product_tag":[],"_links":{"self":[{"href":"https:\/\/orbit-zavlahy.sk\/obchod\/wp-json\/wp\/v2\/product\/877"}],"collection":[{"href":"https:\/\/orbit-zavlahy.sk\/obchod\/wp-json\/wp\/v2\/product"}],"about":[{"href":"https:\/\/orbit-zavlahy.sk\/obchod\/wp-json\/wp\/v2\/types\/product"}],"wp:featuredmedia":[{"embeddable":true,"href":"https:\/\/orbit-zavlahy.sk\/obchod\/wp-json\/wp\/v2\/media\/2210"}],"wp:attachment":[{"href":"https:\/\/orbit-zavlahy.sk\/obchod\/wp-json\/wp\/v2\/media?parent=877"}],"wp:term":[{"taxonomy":"product_cat","embeddable":true,"href":"https:\/\/orbit-zavlahy.sk\/obchod\/wp-json\/wp\/v2\/product_cat?post=877"},{"taxonomy":"product_tag","embeddable":true,"href":"https:\/\/orbit-zavlahy.sk\/obchod\/wp-json\/wp\/v2\/product_tag?post=877"}],"curies":[{"name":"wp","href":"https:\/\/api.w.org\/{rel}","templated":true}]}}