{"id":873,"date":"2020-11-10T18:59:49","date_gmt":"2020-11-10T17:59:49","guid":{"rendered":"https:\/\/orbit-zavlahy.sk\/eshop\/?post_type=product&#038;p=873"},"modified":"2020-12-16T16:23:15","modified_gmt":"2020-12-16T15:23:15","slug":"kluc-na-3-zlozkovy-filter-drops","status":"publish","type":"product","link":"https:\/\/orbit-zavlahy.sk\/obchod\/product\/kluc-na-3-zlozkovy-filter-drops\/","title":{"rendered":"K\u013e\u00fa\u010d na 3-zlo\u017ekov\u00fd filter DROPS"},"content":{"rendered":"","protected":false},"excerpt":{"rendered":"","protected":false},"featured_media":3137,"template":"","meta":{"spay_email":""},"product_cat":[24,41],"product_tag":[],"_links":{"self":[{"href":"https:\/\/orbit-zavlahy.sk\/obchod\/wp-json\/wp\/v2\/product\/873"}],"collection":[{"href":"https:\/\/orbit-zavlahy.sk\/obchod\/wp-json\/wp\/v2\/product"}],"about":[{"href":"https:\/\/orbit-zavlahy.sk\/obchod\/wp-json\/wp\/v2\/types\/product"}],"wp:featuredmedia":[{"embeddable":true,"href":"https:\/\/orbit-zavlahy.sk\/obchod\/wp-json\/wp\/v2\/media\/3137"}],"wp:attachment":[{"href":"https:\/\/orbit-zavlahy.sk\/obchod\/wp-json\/wp\/v2\/media?parent=873"}],"wp:term":[{"taxonomy":"product_cat","embeddable":true,"href":"https:\/\/orbit-zavlahy.sk\/obchod\/wp-json\/wp\/v2\/product_cat?post=873"},{"taxonomy":"product_tag","embeddable":true,"href":"https:\/\/orbit-zavlahy.sk\/obchod\/wp-json\/wp\/v2\/product_tag?post=873"}],"curies":[{"name":"wp","href":"https:\/\/api.w.org\/{rel}","templated":true}]}}