{"id":871,"date":"2020-11-10T18:58:47","date_gmt":"2020-11-10T17:58:47","guid":{"rendered":"https:\/\/orbit-zavlahy.sk\/eshop\/?post_type=product&#038;p=871"},"modified":"2020-11-12T10:03:10","modified_gmt":"2020-11-12T09:03:10","slug":"cb-ec-10-sx-10-micron","status":"publish","type":"product","link":"https:\/\/orbit-zavlahy.sk\/obchod\/product\/cb-ec-10-sx-10-micron\/","title":{"rendered":"CB\/EC 10 SX &#8211; 10 micron"},"content":{"rendered":"","protected":false},"excerpt":{"rendered":"<p>jednor\u00e1zov\u00e1 vlo\u017eka filtra zo spekan\u00e9ho uhl\u00edkov\u00e9ho bloku s vonkaj\u0161\u00edm ochrann\u00fdm<br \/>\nfiltra\u010dn\u00fdm pl\u00e1\u0161\u0165om pre redukciu chl\u00f3ru, nepr\u00edjemnej chuti, z\u00e1pachu a zafarbenia vody<br \/>\n(nomin\u00e1lna miera filtr\u00e1cie je 10 micronov).<\/p>\n","protected":false},"featured_media":1577,"template":"","meta":{"spay_email":""},"product_cat":[24,41],"product_tag":[],"_links":{"self":[{"href":"https:\/\/orbit-zavlahy.sk\/obchod\/wp-json\/wp\/v2\/product\/871"}],"collection":[{"href":"https:\/\/orbit-zavlahy.sk\/obchod\/wp-json\/wp\/v2\/product"}],"about":[{"href":"https:\/\/orbit-zavlahy.sk\/obchod\/wp-json\/wp\/v2\/types\/product"}],"wp:featuredmedia":[{"embeddable":true,"href":"https:\/\/orbit-zavlahy.sk\/obchod\/wp-json\/wp\/v2\/media\/1577"}],"wp:attachment":[{"href":"https:\/\/orbit-zavlahy.sk\/obchod\/wp-json\/wp\/v2\/media?parent=871"}],"wp:term":[{"taxonomy":"product_cat","embeddable":true,"href":"https:\/\/orbit-zavlahy.sk\/obchod\/wp-json\/wp\/v2\/product_cat?post=871"},{"taxonomy":"product_tag","embeddable":true,"href":"https:\/\/orbit-zavlahy.sk\/obchod\/wp-json\/wp\/v2\/product_tag?post=871"}],"curies":[{"name":"wp","href":"https:\/\/api.w.org\/{rel}","templated":true}]}}