{"id":861,"date":"2020-11-10T18:49:43","date_gmt":"2020-11-10T17:49:43","guid":{"rendered":"https:\/\/orbit-zavlahy.sk\/eshop\/?post_type=product&#038;p=861"},"modified":"2020-11-25T10:13:34","modified_gmt":"2020-11-25T09:13:34","slug":"filter-lamelovy-diskovy-dfle","status":"publish","type":"product","link":"https:\/\/orbit-zavlahy.sk\/obchod\/product\/filter-lamelovy-diskovy-dfle\/","title":{"rendered":"Filter lamelov\u00fd\/diskov\u00fd DFLE"},"content":{"rendered":"","protected":false},"excerpt":{"rendered":"<p>Filter lamelov\u00fd\/diskov\u00fd DFLE, 120 mesh PN 8, 2 v\u00fdstupy na manometer + diskov\u00e1 vlo\u017eka 120 mesh<\/p>\n","protected":false},"featured_media":1400,"template":"","meta":{"spay_email":""},"product_cat":[24,41],"product_tag":[],"_links":{"self":[{"href":"https:\/\/orbit-zavlahy.sk\/obchod\/wp-json\/wp\/v2\/product\/861"}],"collection":[{"href":"https:\/\/orbit-zavlahy.sk\/obchod\/wp-json\/wp\/v2\/product"}],"about":[{"href":"https:\/\/orbit-zavlahy.sk\/obchod\/wp-json\/wp\/v2\/types\/product"}],"wp:featuredmedia":[{"embeddable":true,"href":"https:\/\/orbit-zavlahy.sk\/obchod\/wp-json\/wp\/v2\/media\/1400"}],"wp:attachment":[{"href":"https:\/\/orbit-zavlahy.sk\/obchod\/wp-json\/wp\/v2\/media?parent=861"}],"wp:term":[{"taxonomy":"product_cat","embeddable":true,"href":"https:\/\/orbit-zavlahy.sk\/obchod\/wp-json\/wp\/v2\/product_cat?post=861"},{"taxonomy":"product_tag","embeddable":true,"href":"https:\/\/orbit-zavlahy.sk\/obchod\/wp-json\/wp\/v2\/product_tag?post=861"}],"curies":[{"name":"wp","href":"https:\/\/api.w.org\/{rel}","templated":true}]}}