{"id":851,"date":"2020-11-10T18:37:55","date_gmt":"2020-11-10T17:37:55","guid":{"rendered":"https:\/\/orbit-zavlahy.sk\/eshop\/?post_type=product&#038;p=851"},"modified":"2020-11-11T16:23:45","modified_gmt":"2020-11-11T15:23:45","slug":"kruhova-sachtica","status":"publish","type":"product","link":"https:\/\/orbit-zavlahy.sk\/obchod\/product\/kruhova-sachtica\/","title":{"rendered":"Kruhov\u00e1 \u0161achtica"},"content":{"rendered":"","protected":false},"excerpt":{"rendered":"<p>pre pripojenie z\u00e1hradnej hadice. Vhodn\u00e9 pre z\u00e1hrady a letn\u00e9<br \/>\nrozvody vody. V\u00fd\u0161ka 11 cm, veko 21 cm &#8211; farba zelen\u00e1, dno 17,5 cm &#8211; farba zelen\u00e1;<br \/>\nvn\u00fatorn\u00fd pripojovac\u00ed 3\/4\u201d mosadzn\u00fd ventil.<\/p>\n","protected":false},"featured_media":1398,"template":"","meta":{"spay_email":""},"product_cat":[24,40],"product_tag":[],"_links":{"self":[{"href":"https:\/\/orbit-zavlahy.sk\/obchod\/wp-json\/wp\/v2\/product\/851"}],"collection":[{"href":"https:\/\/orbit-zavlahy.sk\/obchod\/wp-json\/wp\/v2\/product"}],"about":[{"href":"https:\/\/orbit-zavlahy.sk\/obchod\/wp-json\/wp\/v2\/types\/product"}],"wp:featuredmedia":[{"embeddable":true,"href":"https:\/\/orbit-zavlahy.sk\/obchod\/wp-json\/wp\/v2\/media\/1398"}],"wp:attachment":[{"href":"https:\/\/orbit-zavlahy.sk\/obchod\/wp-json\/wp\/v2\/media?parent=851"}],"wp:term":[{"taxonomy":"product_cat","embeddable":true,"href":"https:\/\/orbit-zavlahy.sk\/obchod\/wp-json\/wp\/v2\/product_cat?post=851"},{"taxonomy":"product_tag","embeddable":true,"href":"https:\/\/orbit-zavlahy.sk\/obchod\/wp-json\/wp\/v2\/product_tag?post=851"}],"curies":[{"name":"wp","href":"https:\/\/api.w.org\/{rel}","templated":true}]}}