{"id":849,"date":"2020-11-10T18:35:45","date_gmt":"2020-11-10T17:35:45","guid":{"rendered":"https:\/\/orbit-zavlahy.sk\/eshop\/?post_type=product&#038;p=849"},"modified":"2020-11-11T16:25:57","modified_gmt":"2020-11-11T15:25:57","slug":"kruhova-sachtica-large","status":"publish","type":"product","link":"https:\/\/orbit-zavlahy.sk\/obchod\/product\/kruhova-sachtica-large\/","title":{"rendered":"Kruhov\u00e1 \u0161achtica \u201cLARGE\u201d"},"content":{"rendered":"","protected":false},"excerpt":{"rendered":"<p>vhodn\u00e1 pre 1 elektroventil veko 22,5 cm, farba zelen\u00e1, v\u00fd\u0161ka 25 cm, z\u00e1klad\u0148a<br \/>\n32,5 cm, farba \u010dierna, otv\u00e1ranie veka pooto\u010den\u00edm, bez zais\u0165ovacej skrutky<\/p>\n","protected":false},"featured_media":1397,"template":"","meta":{"spay_email":""},"product_cat":[24,40],"product_tag":[],"_links":{"self":[{"href":"https:\/\/orbit-zavlahy.sk\/obchod\/wp-json\/wp\/v2\/product\/849"}],"collection":[{"href":"https:\/\/orbit-zavlahy.sk\/obchod\/wp-json\/wp\/v2\/product"}],"about":[{"href":"https:\/\/orbit-zavlahy.sk\/obchod\/wp-json\/wp\/v2\/types\/product"}],"wp:featuredmedia":[{"embeddable":true,"href":"https:\/\/orbit-zavlahy.sk\/obchod\/wp-json\/wp\/v2\/media\/1397"}],"wp:attachment":[{"href":"https:\/\/orbit-zavlahy.sk\/obchod\/wp-json\/wp\/v2\/media?parent=849"}],"wp:term":[{"taxonomy":"product_cat","embeddable":true,"href":"https:\/\/orbit-zavlahy.sk\/obchod\/wp-json\/wp\/v2\/product_cat?post=849"},{"taxonomy":"product_tag","embeddable":true,"href":"https:\/\/orbit-zavlahy.sk\/obchod\/wp-json\/wp\/v2\/product_tag?post=849"}],"curies":[{"name":"wp","href":"https:\/\/api.w.org\/{rel}","templated":true}]}}