{"id":847,"date":"2020-11-10T18:32:37","date_gmt":"2020-11-10T17:32:37","guid":{"rendered":"https:\/\/orbit-zavlahy.sk\/eshop\/?post_type=product&#038;p=847"},"modified":"2020-12-11T12:56:44","modified_gmt":"2020-12-11T11:56:44","slug":"kruhova-sachtica-mini","status":"publish","type":"product","link":"https:\/\/orbit-zavlahy.sk\/obchod\/product\/kruhova-sachtica-mini\/","title":{"rendered":"Kruhov\u00e1 \u0161achtica \u201cMINI\u201d"},"content":{"rendered":"","protected":false},"excerpt":{"rendered":"<p>vhodn\u00e1 pre vodn\u00e9 z\u00e1suvky, veko 16 cm, farba zelen\u00e1, v\u00fd\u0161ka 23 cm, z\u00e1kladn\u00e1 farba \u010dierna, otv\u00e1ranie veka pooto\u010den\u00edm, bez zais\u0165ovacej skrutky. Vhodn\u00e1 napr. pre <a href=\"https:\/\/orbit-zavlahy.sk\/obchod\/product\/1-2-sprinklerrychlospojny-ventil-3-4-vodna-zasuvka-rozstrek-15-x-91-m-10cm-kopia\/\">R\u00fdchlospojn\u00fd ventil (vodn\u00e1 z\u00e1suvka)<\/a><\/p>\n","protected":false},"featured_media":1396,"template":"","meta":{"spay_email":""},"product_cat":[24,40],"product_tag":[],"_links":{"self":[{"href":"https:\/\/orbit-zavlahy.sk\/obchod\/wp-json\/wp\/v2\/product\/847"}],"collection":[{"href":"https:\/\/orbit-zavlahy.sk\/obchod\/wp-json\/wp\/v2\/product"}],"about":[{"href":"https:\/\/orbit-zavlahy.sk\/obchod\/wp-json\/wp\/v2\/types\/product"}],"wp:featuredmedia":[{"embeddable":true,"href":"https:\/\/orbit-zavlahy.sk\/obchod\/wp-json\/wp\/v2\/media\/1396"}],"wp:attachment":[{"href":"https:\/\/orbit-zavlahy.sk\/obchod\/wp-json\/wp\/v2\/media?parent=847"}],"wp:term":[{"taxonomy":"product_cat","embeddable":true,"href":"https:\/\/orbit-zavlahy.sk\/obchod\/wp-json\/wp\/v2\/product_cat?post=847"},{"taxonomy":"product_tag","embeddable":true,"href":"https:\/\/orbit-zavlahy.sk\/obchod\/wp-json\/wp\/v2\/product_tag?post=847"}],"curies":[{"name":"wp","href":"https:\/\/api.w.org\/{rel}","templated":true}]}}