{"id":845,"date":"2020-11-10T18:30:17","date_gmt":"2020-11-10T17:30:17","guid":{"rendered":"https:\/\/orbit-zavlahy.sk\/eshop\/?post_type=product&#038;p=845"},"modified":"2020-11-11T16:36:26","modified_gmt":"2020-11-11T15:36:26","slug":"ventilova-sachtica-conta","status":"publish","type":"product","link":"https:\/\/orbit-zavlahy.sk\/obchod\/product\/ventilova-sachtica-conta\/","title":{"rendered":"Ventilov\u00e1 \u0161achtica &#8211; \u201cConta\u201d,"},"content":{"rendered":"","protected":false},"excerpt":{"rendered":"<p>veko 14,5&#215;24,5 cm, farba zelen\u00e1, v\u00fd\u0161ka 18 cm, z\u00e1klad\u0148a 32&#215;21 cm , farba \u010dierna, na<br \/>\njeden samostatn\u00fd elektroventil, otv\u00e1ranie vyklopen\u00edm bez zais\u0165ovacej skrutky<\/p>\n","protected":false},"featured_media":1569,"template":"","meta":{"spay_email":""},"product_cat":[24,40],"product_tag":[],"_links":{"self":[{"href":"https:\/\/orbit-zavlahy.sk\/obchod\/wp-json\/wp\/v2\/product\/845"}],"collection":[{"href":"https:\/\/orbit-zavlahy.sk\/obchod\/wp-json\/wp\/v2\/product"}],"about":[{"href":"https:\/\/orbit-zavlahy.sk\/obchod\/wp-json\/wp\/v2\/types\/product"}],"wp:featuredmedia":[{"embeddable":true,"href":"https:\/\/orbit-zavlahy.sk\/obchod\/wp-json\/wp\/v2\/media\/1569"}],"wp:attachment":[{"href":"https:\/\/orbit-zavlahy.sk\/obchod\/wp-json\/wp\/v2\/media?parent=845"}],"wp:term":[{"taxonomy":"product_cat","embeddable":true,"href":"https:\/\/orbit-zavlahy.sk\/obchod\/wp-json\/wp\/v2\/product_cat?post=845"},{"taxonomy":"product_tag","embeddable":true,"href":"https:\/\/orbit-zavlahy.sk\/obchod\/wp-json\/wp\/v2\/product_tag?post=845"}],"curies":[{"name":"wp","href":"https:\/\/api.w.org\/{rel}","templated":true}]}}