{"id":842,"date":"2020-11-10T18:25:34","date_gmt":"2020-11-10T17:25:34","guid":{"rendered":"https:\/\/orbit-zavlahy.sk\/eshop\/?post_type=product&#038;p=842"},"modified":"2020-11-11T16:37:31","modified_gmt":"2020-11-11T15:37:31","slug":"granit-rock-box-pieskovec","status":"publish","type":"product","link":"https:\/\/orbit-zavlahy.sk\/obchod\/product\/granit-rock-box-pieskovec\/","title":{"rendered":"Granit Rock Box &#8211; pieskovec"},"content":{"rendered":"","protected":false},"excerpt":{"rendered":"<p>je alternat\u00edva \u0161tandardnej ventilovej \u0161achtice, vyroben\u00e1 z po\u010dasiu odoln\u00e9ho<br \/>\nmateri\u00e1lu na ochranu elektroventilov proti nepriazniv\u00fdm vplyvom po\u010dasia<\/p>\n","protected":false},"featured_media":1394,"template":"","meta":{"spay_email":""},"product_cat":[24,40],"product_tag":[],"_links":{"self":[{"href":"https:\/\/orbit-zavlahy.sk\/obchod\/wp-json\/wp\/v2\/product\/842"}],"collection":[{"href":"https:\/\/orbit-zavlahy.sk\/obchod\/wp-json\/wp\/v2\/product"}],"about":[{"href":"https:\/\/orbit-zavlahy.sk\/obchod\/wp-json\/wp\/v2\/types\/product"}],"wp:featuredmedia":[{"embeddable":true,"href":"https:\/\/orbit-zavlahy.sk\/obchod\/wp-json\/wp\/v2\/media\/1394"}],"wp:attachment":[{"href":"https:\/\/orbit-zavlahy.sk\/obchod\/wp-json\/wp\/v2\/media?parent=842"}],"wp:term":[{"taxonomy":"product_cat","embeddable":true,"href":"https:\/\/orbit-zavlahy.sk\/obchod\/wp-json\/wp\/v2\/product_cat?post=842"},{"taxonomy":"product_tag","embeddable":true,"href":"https:\/\/orbit-zavlahy.sk\/obchod\/wp-json\/wp\/v2\/product_tag?post=842"}],"curies":[{"name":"wp","href":"https:\/\/api.w.org\/{rel}","templated":true}]}}