{"id":837,"date":"2020-11-10T18:19:17","date_gmt":"2020-11-10T17:19:17","guid":{"rendered":"https:\/\/orbit-zavlahy.sk\/eshop\/?post_type=product&#038;p=837"},"modified":"2020-11-13T10:40:03","modified_gmt":"2020-11-13T09:40:03","slug":"ventilova-sachtica-jumbo","status":"publish","type":"product","link":"https:\/\/orbit-zavlahy.sk\/obchod\/product\/ventilova-sachtica-jumbo\/","title":{"rendered":"Ventilov\u00e1 \u0161achtica &#8211; \u201cJUMBO\u201d"},"content":{"rendered":"","protected":false},"excerpt":{"rendered":"<p>veko 35&#215;50 cm, farba zelen\u00e1, v\u00fd\u0161ka 30 cm; z\u00e1klad\u0148a 40&#215;54 cm, farba \u010dierna, na dva<br \/>\n2-ventilov\u00e9 alebo dva 3-ventilov\u00e9 manifoldy, otv\u00e1ranie veka vyklopen\u00edm, vybrat\u00edm<br \/>\nbez p\u00e1ntov so zais\u0165ovacou skrutkou<\/p>\n","protected":false},"featured_media":1943,"template":"","meta":{"spay_email":""},"product_cat":[24,40],"product_tag":[],"_links":{"self":[{"href":"https:\/\/orbit-zavlahy.sk\/obchod\/wp-json\/wp\/v2\/product\/837"}],"collection":[{"href":"https:\/\/orbit-zavlahy.sk\/obchod\/wp-json\/wp\/v2\/product"}],"about":[{"href":"https:\/\/orbit-zavlahy.sk\/obchod\/wp-json\/wp\/v2\/types\/product"}],"wp:featuredmedia":[{"embeddable":true,"href":"https:\/\/orbit-zavlahy.sk\/obchod\/wp-json\/wp\/v2\/media\/1943"}],"wp:attachment":[{"href":"https:\/\/orbit-zavlahy.sk\/obchod\/wp-json\/wp\/v2\/media?parent=837"}],"wp:term":[{"taxonomy":"product_cat","embeddable":true,"href":"https:\/\/orbit-zavlahy.sk\/obchod\/wp-json\/wp\/v2\/product_cat?post=837"},{"taxonomy":"product_tag","embeddable":true,"href":"https:\/\/orbit-zavlahy.sk\/obchod\/wp-json\/wp\/v2\/product_tag?post=837"}],"curies":[{"name":"wp","href":"https:\/\/api.w.org\/{rel}","templated":true}]}}