{"id":836,"date":"2020-11-10T18:17:36","date_gmt":"2020-11-10T17:17:36","guid":{"rendered":"https:\/\/orbit-zavlahy.sk\/eshop\/?post_type=product&#038;p=836"},"modified":"2020-12-16T16:50:42","modified_gmt":"2020-12-16T15:50:42","slug":"nahradne-veko-na-ventilovu-sachticu-standard","status":"publish","type":"product","link":"https:\/\/orbit-zavlahy.sk\/obchod\/product\/nahradne-veko-na-ventilovu-sachticu-standard\/","title":{"rendered":"N\u00e1hradn\u00e9 veko na ventilov\u00fa \u0161achticu &#8211; \u201c\u0160tandard\u201d"},"content":{"rendered":"","protected":false},"excerpt":{"rendered":"","protected":false},"featured_media":3141,"template":"","meta":{"spay_email":""},"product_cat":[24,40],"product_tag":[],"_links":{"self":[{"href":"https:\/\/orbit-zavlahy.sk\/obchod\/wp-json\/wp\/v2\/product\/836"}],"collection":[{"href":"https:\/\/orbit-zavlahy.sk\/obchod\/wp-json\/wp\/v2\/product"}],"about":[{"href":"https:\/\/orbit-zavlahy.sk\/obchod\/wp-json\/wp\/v2\/types\/product"}],"wp:featuredmedia":[{"embeddable":true,"href":"https:\/\/orbit-zavlahy.sk\/obchod\/wp-json\/wp\/v2\/media\/3141"}],"wp:attachment":[{"href":"https:\/\/orbit-zavlahy.sk\/obchod\/wp-json\/wp\/v2\/media?parent=836"}],"wp:term":[{"taxonomy":"product_cat","embeddable":true,"href":"https:\/\/orbit-zavlahy.sk\/obchod\/wp-json\/wp\/v2\/product_cat?post=836"},{"taxonomy":"product_tag","embeddable":true,"href":"https:\/\/orbit-zavlahy.sk\/obchod\/wp-json\/wp\/v2\/product_tag?post=836"}],"curies":[{"name":"wp","href":"https:\/\/api.w.org\/{rel}","templated":true}]}}