{"id":834,"date":"2020-11-10T18:10:36","date_gmt":"2020-11-10T17:10:36","guid":{"rendered":"https:\/\/orbit-zavlahy.sk\/eshop\/?post_type=product&#038;p=834"},"modified":"2020-11-11T16:46:36","modified_gmt":"2020-11-11T15:46:36","slug":"ezyvalve4-kopiaventilova-sachtica-standard","status":"publish","type":"product","link":"https:\/\/orbit-zavlahy.sk\/obchod\/product\/ezyvalve4-kopiaventilova-sachtica-standard\/","title":{"rendered":"Ventilov\u00e1 \u0161achtica &#8211; \u201c\u0160tandard\u201d"},"content":{"rendered":"","protected":false},"excerpt":{"rendered":"<p>veko 26&#215;38 cm, farba zelen\u00e1, v\u00fd\u0161ka 30 cm, z\u00e1klad\u0148a 38&#215;51 cm, farba \u010dierna, na jeden<br \/>\n2-ventilov\u00fd manifold alebo na jeden 3-ventilov\u00fd manifold otv\u00e1ranie veka vyklopen\u00edm,<br \/>\nvybrat\u00edm bez p\u00e1ntov so zais\u0165ovacou skrutkou<\/p>\n","protected":false},"featured_media":1391,"template":"","meta":{"spay_email":""},"product_cat":[24,40],"product_tag":[],"_links":{"self":[{"href":"https:\/\/orbit-zavlahy.sk\/obchod\/wp-json\/wp\/v2\/product\/834"}],"collection":[{"href":"https:\/\/orbit-zavlahy.sk\/obchod\/wp-json\/wp\/v2\/product"}],"about":[{"href":"https:\/\/orbit-zavlahy.sk\/obchod\/wp-json\/wp\/v2\/types\/product"}],"wp:featuredmedia":[{"embeddable":true,"href":"https:\/\/orbit-zavlahy.sk\/obchod\/wp-json\/wp\/v2\/media\/1391"}],"wp:attachment":[{"href":"https:\/\/orbit-zavlahy.sk\/obchod\/wp-json\/wp\/v2\/media?parent=834"}],"wp:term":[{"taxonomy":"product_cat","embeddable":true,"href":"https:\/\/orbit-zavlahy.sk\/obchod\/wp-json\/wp\/v2\/product_cat?post=834"},{"taxonomy":"product_tag","embeddable":true,"href":"https:\/\/orbit-zavlahy.sk\/obchod\/wp-json\/wp\/v2\/product_tag?post=834"}],"curies":[{"name":"wp","href":"https:\/\/api.w.org\/{rel}","templated":true}]}}