{"id":831,"date":"2020-11-10T16:14:16","date_gmt":"2020-11-10T15:14:16","guid":{"rendered":"https:\/\/orbit-zavlahy.sk\/eshop\/?post_type=product&#038;p=831"},"modified":"2020-11-11T16:47:47","modified_gmt":"2020-11-11T15:47:47","slug":"ezyvalve4","status":"publish","type":"product","link":"https:\/\/orbit-zavlahy.sk\/obchod\/product\/ezyvalve4\/","title":{"rendered":"eZyvalve\u00ae4"},"content":{"rendered":"","protected":false},"excerpt":{"rendered":"<p>kompaktn\u00fd 4-ventilov\u00fd manifold pre mikro a kvapkov\u00e9 zavla\u017eovacie syst\u00e9my.<br \/>\nVyroben\u00fd z kvalitn\u00e9ho, UV odoln\u00e9ho materi\u00e1lu. Manifold je prednastaven\u00fd,<br \/>\nobsahuje tesnenie pre k\u00e1bel a k\u00e1blov\u00e9 pr\u00edpojky. Kryt je prichyten\u00fd oce\u013eov\u00fdmi<br \/>\nskrutkami a vybaven\u00fd celoobvodovou tesniacou gumou. Vyroben\u00e9 v Austr\u00e1lii<\/p>\n","protected":false},"featured_media":1390,"template":"","meta":{"spay_email":""},"product_cat":[24,39],"product_tag":[],"_links":{"self":[{"href":"https:\/\/orbit-zavlahy.sk\/obchod\/wp-json\/wp\/v2\/product\/831"}],"collection":[{"href":"https:\/\/orbit-zavlahy.sk\/obchod\/wp-json\/wp\/v2\/product"}],"about":[{"href":"https:\/\/orbit-zavlahy.sk\/obchod\/wp-json\/wp\/v2\/types\/product"}],"wp:featuredmedia":[{"embeddable":true,"href":"https:\/\/orbit-zavlahy.sk\/obchod\/wp-json\/wp\/v2\/media\/1390"}],"wp:attachment":[{"href":"https:\/\/orbit-zavlahy.sk\/obchod\/wp-json\/wp\/v2\/media?parent=831"}],"wp:term":[{"taxonomy":"product_cat","embeddable":true,"href":"https:\/\/orbit-zavlahy.sk\/obchod\/wp-json\/wp\/v2\/product_cat?post=831"},{"taxonomy":"product_tag","embeddable":true,"href":"https:\/\/orbit-zavlahy.sk\/obchod\/wp-json\/wp\/v2\/product_tag?post=831"}],"curies":[{"name":"wp","href":"https:\/\/api.w.org\/{rel}","templated":true}]}}