{"id":830,"date":"2020-11-10T16:12:35","date_gmt":"2020-11-10T15:12:35","guid":{"rendered":"https:\/\/orbit-zavlahy.sk\/eshop\/?post_type=product&#038;p=830"},"modified":"2020-11-25T12:47:05","modified_gmt":"2020-11-25T11:47:05","slug":"nahradna-membrana-k-elektroventilom","status":"publish","type":"product","link":"https:\/\/orbit-zavlahy.sk\/obchod\/product\/nahradna-membrana-k-elektroventilom\/","title":{"rendered":"N\u00e1hradn\u00e1 membr\u00e1na k elektroventilom"},"content":{"rendered":"","protected":false},"excerpt":{"rendered":"<p>N\u00e1hradn\u00e1 membr\u00e1na k elektroventilom <a href=\"https:\/\/orbit-zavlahy.sk\/obchod\/product\/elektroventil-3-4-24-vac-az-do-10-barov\/\">Elektroventil 3\/4\u201d 24 VAC a\u017e do 10 barov s regul\u00e1ciou prietoku so solenoidom<\/a>, <a href=\"https:\/\/orbit-zavlahy.sk\/obchod\/product\/elektroventil-1-24-vac-az-do-10-barov\/\">Elektroventil 1\u201d 24 VAC a\u017e do 10 barov s regul\u00e1ciou prietoku so solenoidom<\/a>, <a href=\"https:\/\/orbit-zavlahy.sk\/obchod\/product\/elektroventil-1-24-vac-az-do-10-barov-so-solenoidom\/\">Elektroventil 1\u201d 24 VAC a\u017e do 10 barov so solenoidom<\/a> alebo <a href=\"https:\/\/orbit-zavlahy.sk\/obchod\/product\/elektroventil-3-4-24-vac-az-do-10-barov-so-solenoidom\/\">Elektroventil 3\/4\u201d 24 VAC a\u017e do 10 barov so solenoidom<\/a>.<\/p>\n","protected":false},"featured_media":1389,"template":"","meta":{"spay_email":""},"product_cat":[24,39],"product_tag":[],"_links":{"self":[{"href":"https:\/\/orbit-zavlahy.sk\/obchod\/wp-json\/wp\/v2\/product\/830"}],"collection":[{"href":"https:\/\/orbit-zavlahy.sk\/obchod\/wp-json\/wp\/v2\/product"}],"about":[{"href":"https:\/\/orbit-zavlahy.sk\/obchod\/wp-json\/wp\/v2\/types\/product"}],"wp:featuredmedia":[{"embeddable":true,"href":"https:\/\/orbit-zavlahy.sk\/obchod\/wp-json\/wp\/v2\/media\/1389"}],"wp:attachment":[{"href":"https:\/\/orbit-zavlahy.sk\/obchod\/wp-json\/wp\/v2\/media?parent=830"}],"wp:term":[{"taxonomy":"product_cat","embeddable":true,"href":"https:\/\/orbit-zavlahy.sk\/obchod\/wp-json\/wp\/v2\/product_cat?post=830"},{"taxonomy":"product_tag","embeddable":true,"href":"https:\/\/orbit-zavlahy.sk\/obchod\/wp-json\/wp\/v2\/product_tag?post=830"}],"curies":[{"name":"wp","href":"https:\/\/api.w.org\/{rel}","templated":true}]}}