{"id":829,"date":"2020-11-10T16:11:36","date_gmt":"2020-11-10T15:11:36","guid":{"rendered":"https:\/\/orbit-zavlahy.sk\/eshop\/?post_type=product&#038;p=829"},"modified":"2025-01-09T03:43:32","modified_gmt":"2025-01-09T02:43:32","slug":"jtv-kit","status":"publish","type":"product","link":"https:\/\/orbit-zavlahy.sk\/obchod\/product\/jtv-kit\/","title":{"rendered":"JTV KIT"},"content":{"rendered":"<p>komponenty manifoldu<\/p>\n","protected":false},"excerpt":{"rendered":"<p>JTV KIT n\u00e1hradn\u00e9 diely k elektroventilom <a href=\"https:\/\/orbit-zavlahy.sk\/obchod\/product\/elektroventil-1-24-vac-jar-top-so-solenoidom\/\">1\u201d 24 VAC JAR TOP so solenoidom, 2x vn\u00fatorn\u00fd z\u00e1vit<\/a> a <a href=\"https:\/\/orbit-zavlahy.sk\/obchod\/product\/elektroventil-1-24-vac-jar-top-so-solenoidom-2\/\">1\u201d 24 VAC JAR TOP so solenoidom, 2x vonkaj\u0161\u00ed z\u00e1vit<\/a> &#8211; membr\u00e1na, pru\u017eina, veko.<\/p>\n","protected":false},"featured_media":1571,"template":"","meta":{"spay_email":""},"product_cat":[24,39],"product_tag":[],"_links":{"self":[{"href":"https:\/\/orbit-zavlahy.sk\/obchod\/wp-json\/wp\/v2\/product\/829"}],"collection":[{"href":"https:\/\/orbit-zavlahy.sk\/obchod\/wp-json\/wp\/v2\/product"}],"about":[{"href":"https:\/\/orbit-zavlahy.sk\/obchod\/wp-json\/wp\/v2\/types\/product"}],"wp:featuredmedia":[{"embeddable":true,"href":"https:\/\/orbit-zavlahy.sk\/obchod\/wp-json\/wp\/v2\/media\/1571"}],"wp:attachment":[{"href":"https:\/\/orbit-zavlahy.sk\/obchod\/wp-json\/wp\/v2\/media?parent=829"}],"wp:term":[{"taxonomy":"product_cat","embeddable":true,"href":"https:\/\/orbit-zavlahy.sk\/obchod\/wp-json\/wp\/v2\/product_cat?post=829"},{"taxonomy":"product_tag","embeddable":true,"href":"https:\/\/orbit-zavlahy.sk\/obchod\/wp-json\/wp\/v2\/product_tag?post=829"}],"curies":[{"name":"wp","href":"https:\/\/api.w.org\/{rel}","templated":true}]}}