{"id":827,"date":"2020-11-10T16:09:42","date_gmt":"2020-11-10T15:09:42","guid":{"rendered":"https:\/\/orbit-zavlahy.sk\/eshop\/?post_type=product&#038;p=827"},"modified":"2020-11-25T12:19:21","modified_gmt":"2020-11-25T11:19:21","slug":"1x1-spojka-zelena","status":"publish","type":"product","link":"https:\/\/orbit-zavlahy.sk\/obchod\/product\/1x1-spojka-zelena\/","title":{"rendered":"1\u201dx1\u201d spojka zelen\u00e1"},"content":{"rendered":"<p>komponenty manifoldu<\/p>\n","protected":false},"excerpt":{"rendered":"<p>1\u201dx1\u201d spojka zelen\u00e1, 2x vn\u00fatorn\u00fd z\u00e1vit, medzi <a href=\"https:\/\/orbit-zavlahy.sk\/obchod\/product\/1-2-ventilovy-modul-manifoldu\/\">1\u201d 2-ventilov\u00fd modul manifoldu<\/a> a <a href=\"https:\/\/orbit-zavlahy.sk\/obchod\/product\/elektroventil-1-24-vac-az-do-10-barov-so-solenoidom\/\">Elektroventil 1\u201d 24 VAC a\u017e do 10 barov so solenoidom<\/a> alebo <a href=\"https:\/\/orbit-zavlahy.sk\/obchod\/product\/elektroventil-1-24-vac-az-do-10-barov\/\">Elektroventil 1\u201d 24 VAC a\u017e do 10 barov<\/a> pr\u00edpadne na prepojenie 2 manifoldov.<\/p>\n","protected":false},"featured_media":1384,"template":"","meta":{"spay_email":""},"product_cat":[24,39],"product_tag":[],"_links":{"self":[{"href":"https:\/\/orbit-zavlahy.sk\/obchod\/wp-json\/wp\/v2\/product\/827"}],"collection":[{"href":"https:\/\/orbit-zavlahy.sk\/obchod\/wp-json\/wp\/v2\/product"}],"about":[{"href":"https:\/\/orbit-zavlahy.sk\/obchod\/wp-json\/wp\/v2\/types\/product"}],"wp:featuredmedia":[{"embeddable":true,"href":"https:\/\/orbit-zavlahy.sk\/obchod\/wp-json\/wp\/v2\/media\/1384"}],"wp:attachment":[{"href":"https:\/\/orbit-zavlahy.sk\/obchod\/wp-json\/wp\/v2\/media?parent=827"}],"wp:term":[{"taxonomy":"product_cat","embeddable":true,"href":"https:\/\/orbit-zavlahy.sk\/obchod\/wp-json\/wp\/v2\/product_cat?post=827"},{"taxonomy":"product_tag","embeddable":true,"href":"https:\/\/orbit-zavlahy.sk\/obchod\/wp-json\/wp\/v2\/product_tag?post=827"}],"curies":[{"name":"wp","href":"https:\/\/api.w.org\/{rel}","templated":true}]}}