{"id":826,"date":"2020-11-10T16:08:53","date_gmt":"2020-11-10T15:08:53","guid":{"rendered":"https:\/\/orbit-zavlahy.sk\/eshop\/?post_type=product&#038;p=826"},"modified":"2020-12-11T12:24:38","modified_gmt":"2020-12-11T11:24:38","slug":"t-kus-1x1x1","status":"publish","type":"product","link":"https:\/\/orbit-zavlahy.sk\/obchod\/product\/t-kus-1x1x1\/","title":{"rendered":"T kus 1\u201dx1\u201dx1\u201d"},"content":{"rendered":"<p>komponenty manifoldu<\/p>\n","protected":false},"excerpt":{"rendered":"<p>T kus 1\u201dx1\u201dx1\u201d s prevle\u010dnou maticou, vn\u00fatorn\u00fd x vonkaj\u0161\u00ed x vonkaj\u0161\u00ed z\u00e1vit<\/p>\n","protected":false},"featured_media":1383,"template":"","meta":{"spay_email":""},"product_cat":[26,49],"product_tag":[],"_links":{"self":[{"href":"https:\/\/orbit-zavlahy.sk\/obchod\/wp-json\/wp\/v2\/product\/826"}],"collection":[{"href":"https:\/\/orbit-zavlahy.sk\/obchod\/wp-json\/wp\/v2\/product"}],"about":[{"href":"https:\/\/orbit-zavlahy.sk\/obchod\/wp-json\/wp\/v2\/types\/product"}],"wp:featuredmedia":[{"embeddable":true,"href":"https:\/\/orbit-zavlahy.sk\/obchod\/wp-json\/wp\/v2\/media\/1383"}],"wp:attachment":[{"href":"https:\/\/orbit-zavlahy.sk\/obchod\/wp-json\/wp\/v2\/media?parent=826"}],"wp:term":[{"taxonomy":"product_cat","embeddable":true,"href":"https:\/\/orbit-zavlahy.sk\/obchod\/wp-json\/wp\/v2\/product_cat?post=826"},{"taxonomy":"product_tag","embeddable":true,"href":"https:\/\/orbit-zavlahy.sk\/obchod\/wp-json\/wp\/v2\/product_tag?post=826"}],"curies":[{"name":"wp","href":"https:\/\/api.w.org\/{rel}","templated":true}]}}