{"id":825,"date":"2020-11-10T16:07:35","date_gmt":"2020-11-10T15:07:35","guid":{"rendered":"https:\/\/orbit-zavlahy.sk\/eshop\/?post_type=product&#038;p=825"},"modified":"2020-12-11T12:24:09","modified_gmt":"2020-12-11T11:24:09","slug":"koleno-90-1x1","status":"publish","type":"product","link":"https:\/\/orbit-zavlahy.sk\/obchod\/product\/koleno-90-1x1\/","title":{"rendered":"Koleno 90\u00b0 1\u201dx1\u201d"},"content":{"rendered":"<p>komponenty manifoldu<\/p>\n","protected":false},"excerpt":{"rendered":"<p>koleno 90\u00b0 1\u201dx1\u201d s prevle\u010dnou maticou, vn\u00fatron\u00fd z\u00e1vit x vonkaj\u0161\u00ed z\u00e1vit<\/p>\n","protected":false},"featured_media":1382,"template":"","meta":{"spay_email":""},"product_cat":[26,49],"product_tag":[],"_links":{"self":[{"href":"https:\/\/orbit-zavlahy.sk\/obchod\/wp-json\/wp\/v2\/product\/825"}],"collection":[{"href":"https:\/\/orbit-zavlahy.sk\/obchod\/wp-json\/wp\/v2\/product"}],"about":[{"href":"https:\/\/orbit-zavlahy.sk\/obchod\/wp-json\/wp\/v2\/types\/product"}],"wp:featuredmedia":[{"embeddable":true,"href":"https:\/\/orbit-zavlahy.sk\/obchod\/wp-json\/wp\/v2\/media\/1382"}],"wp:attachment":[{"href":"https:\/\/orbit-zavlahy.sk\/obchod\/wp-json\/wp\/v2\/media?parent=825"}],"wp:term":[{"taxonomy":"product_cat","embeddable":true,"href":"https:\/\/orbit-zavlahy.sk\/obchod\/wp-json\/wp\/v2\/product_cat?post=825"},{"taxonomy":"product_tag","embeddable":true,"href":"https:\/\/orbit-zavlahy.sk\/obchod\/wp-json\/wp\/v2\/product_tag?post=825"}],"curies":[{"name":"wp","href":"https:\/\/api.w.org\/{rel}","templated":true}]}}