{"id":822,"date":"2020-11-10T16:04:50","date_gmt":"2020-11-10T15:04:50","guid":{"rendered":"https:\/\/orbit-zavlahy.sk\/eshop\/?post_type=product&#038;p=822"},"modified":"2020-11-11T16:00:26","modified_gmt":"2020-11-11T15:00:26","slug":"1-port-manifold-extension-grn","status":"publish","type":"product","link":"https:\/\/orbit-zavlahy.sk\/obchod\/product\/1-port-manifold-extension-grn\/","title":{"rendered":"1 Port Manifold Extension; Grn"},"content":{"rendered":"<p>komponenty manifoldu<\/p>\n","protected":false},"excerpt":{"rendered":"<p>pred\u013a\u017eenie manifoldu roz\u0161\u00edri manifold o 1 port, 3x vonkaj\u0161\u00ed z\u00e1vit, \u013eahk\u00e1 mont\u00e1\u017e,<br \/>\nnevy\u017eaduje n\u00e1radie, rukou dotiahnute\u013en\u00e9, netesn\u00ed sa tefl\u00f3novou p\u00e1skou, m\u00e1 vo vn\u00fatri<br \/>\n\u201cO\u201d kr\u00fa\u017eok na v\u0161etk\u00fdch troch z\u00e1vitoch<\/p>\n","protected":false},"featured_media":1379,"template":"","meta":{"spay_email":""},"product_cat":[24,39],"product_tag":[],"_links":{"self":[{"href":"https:\/\/orbit-zavlahy.sk\/obchod\/wp-json\/wp\/v2\/product\/822"}],"collection":[{"href":"https:\/\/orbit-zavlahy.sk\/obchod\/wp-json\/wp\/v2\/product"}],"about":[{"href":"https:\/\/orbit-zavlahy.sk\/obchod\/wp-json\/wp\/v2\/types\/product"}],"wp:featuredmedia":[{"embeddable":true,"href":"https:\/\/orbit-zavlahy.sk\/obchod\/wp-json\/wp\/v2\/media\/1379"}],"wp:attachment":[{"href":"https:\/\/orbit-zavlahy.sk\/obchod\/wp-json\/wp\/v2\/media?parent=822"}],"wp:term":[{"taxonomy":"product_cat","embeddable":true,"href":"https:\/\/orbit-zavlahy.sk\/obchod\/wp-json\/wp\/v2\/product_cat?post=822"},{"taxonomy":"product_tag","embeddable":true,"href":"https:\/\/orbit-zavlahy.sk\/obchod\/wp-json\/wp\/v2\/product_tag?post=822"}],"curies":[{"name":"wp","href":"https:\/\/api.w.org\/{rel}","templated":true}]}}