{"id":820,"date":"2020-11-10T16:02:51","date_gmt":"2020-11-10T15:02:51","guid":{"rendered":"https:\/\/orbit-zavlahy.sk\/eshop\/?post_type=product&#038;p=820"},"modified":"2020-11-25T12:08:03","modified_gmt":"2020-11-25T11:08:03","slug":"1-2-ventilovy-modul-manifoldu","status":"publish","type":"product","link":"https:\/\/orbit-zavlahy.sk\/obchod\/product\/1-2-ventilovy-modul-manifoldu\/","title":{"rendered":"1\u201d 2-ventilov\u00fd modul manifoldu"},"content":{"rendered":"<p>komponenty manifoldu<\/p>\n","protected":false},"excerpt":{"rendered":"<p>1\u201d 2-ventilov\u00fd modul manifoldu s prevle\u010dn\u00fdmi maticami bez elektroventilov so spojkami <a href=\"https:\/\/orbit-zavlahy.sk\/obchod\/product\/1x1-spojka-zelena\/\">1\u201dx1\u201d spojka zelen\u00e1<\/a> mo\u017eno pripoji\u0165 dva 1\u201d elektroventily <a href=\"https:\/\/orbit-zavlahy.sk\/obchod\/product\/elektroventil-1-24-vac-az-do-10-barov-so-solenoidom\/\">Elektroventil 1\u201d 24 VAC a\u017e do 10 barov so solenoidom<\/a> alebo <a href=\"https:\/\/orbit-zavlahy.sk\/obchod\/product\/elektroventil-1-24-vac-az-do-10-barov\/\">Elektroventil 1\u201d 24 VAC a\u017e do 10 barov<\/a>; priamo mo\u017eno pripoji\u0165 dva 1\u201d elektroventily kat. \u010d. 2106 (Moduly je mo\u017en\u00e9 prepoji\u0165 za sebou. Netesn\u00ed sa tefl\u00f3novou p\u00e1skou, m\u00e1 vn\u00fatri \u201cO\u201d kr\u00fa\u017eok.)<\/p>\n","protected":false},"featured_media":1377,"template":"","meta":{"spay_email":""},"product_cat":[24,39],"product_tag":[],"_links":{"self":[{"href":"https:\/\/orbit-zavlahy.sk\/obchod\/wp-json\/wp\/v2\/product\/820"}],"collection":[{"href":"https:\/\/orbit-zavlahy.sk\/obchod\/wp-json\/wp\/v2\/product"}],"about":[{"href":"https:\/\/orbit-zavlahy.sk\/obchod\/wp-json\/wp\/v2\/types\/product"}],"wp:featuredmedia":[{"embeddable":true,"href":"https:\/\/orbit-zavlahy.sk\/obchod\/wp-json\/wp\/v2\/media\/1377"}],"wp:attachment":[{"href":"https:\/\/orbit-zavlahy.sk\/obchod\/wp-json\/wp\/v2\/media?parent=820"}],"wp:term":[{"taxonomy":"product_cat","embeddable":true,"href":"https:\/\/orbit-zavlahy.sk\/obchod\/wp-json\/wp\/v2\/product_cat?post=820"},{"taxonomy":"product_tag","embeddable":true,"href":"https:\/\/orbit-zavlahy.sk\/obchod\/wp-json\/wp\/v2\/product_tag?post=820"}],"curies":[{"name":"wp","href":"https:\/\/api.w.org\/{rel}","templated":true}]}}