{"id":819,"date":"2020-11-10T16:01:33","date_gmt":"2020-11-10T15:01:33","guid":{"rendered":"https:\/\/orbit-zavlahy.sk\/eshop\/?post_type=product&#038;p=819"},"modified":"2020-11-11T16:02:01","modified_gmt":"2020-11-11T15:02:01","slug":"1-prechod-z-americkeho-na-europsky-zavit","status":"publish","type":"product","link":"https:\/\/orbit-zavlahy.sk\/obchod\/product\/1-prechod-z-americkeho-na-europsky-zavit\/","title":{"rendered":"1\u201d prechod z americk\u00e9ho na eur\u00f3psky z\u00e1vit"},"content":{"rendered":"<p>komponenty manifoldu<\/p>\n","protected":false},"excerpt":{"rendered":"<p>1\u201d prechod z americk\u00e9ho na eur\u00f3psky z\u00e1vit, potrebn\u00e9 pre napojenie manifoldu<\/p>\n","protected":false},"featured_media":1376,"template":"","meta":{"spay_email":""},"product_cat":[24,39],"product_tag":[],"_links":{"self":[{"href":"https:\/\/orbit-zavlahy.sk\/obchod\/wp-json\/wp\/v2\/product\/819"}],"collection":[{"href":"https:\/\/orbit-zavlahy.sk\/obchod\/wp-json\/wp\/v2\/product"}],"about":[{"href":"https:\/\/orbit-zavlahy.sk\/obchod\/wp-json\/wp\/v2\/types\/product"}],"wp:featuredmedia":[{"embeddable":true,"href":"https:\/\/orbit-zavlahy.sk\/obchod\/wp-json\/wp\/v2\/media\/1376"}],"wp:attachment":[{"href":"https:\/\/orbit-zavlahy.sk\/obchod\/wp-json\/wp\/v2\/media?parent=819"}],"wp:term":[{"taxonomy":"product_cat","embeddable":true,"href":"https:\/\/orbit-zavlahy.sk\/obchod\/wp-json\/wp\/v2\/product_cat?post=819"},{"taxonomy":"product_tag","embeddable":true,"href":"https:\/\/orbit-zavlahy.sk\/obchod\/wp-json\/wp\/v2\/product_tag?post=819"}],"curies":[{"name":"wp","href":"https:\/\/api.w.org\/{rel}","templated":true}]}}