{"id":815,"date":"2020-11-10T15:54:02","date_gmt":"2020-11-10T14:54:02","guid":{"rendered":"https:\/\/orbit-zavlahy.sk\/eshop\/?post_type=product&#038;p=815"},"modified":"2024-12-02T23:37:50","modified_gmt":"2024-12-02T22:37:50","slug":"manifold-3-ventilovy-snap-wire","status":"publish","type":"product","link":"https:\/\/orbit-zavlahy.sk\/obchod\/product\/manifold-3-ventilovy-snap-wire\/","title":{"rendered":"Manifold 3 ventilov\u00fd Snap\/wire"},"content":{"rendered":"<p>1\u201d kompletn\u00fd 3 ventilov\u00fd manifold so zamontovan\u00fdmi tromi 1\u201d elektroventilmi <a href=\"https:\/\/orbit-zavlahy.sk\/obchod\/product\/elektroventil-1-24-vac-jar-top-so-solenoidom-2\/\">Elektroventil 1\u201d 24 VAC JAR TOP so solenoidom<\/a><\/p>\n<p>Na stiahnutie &#8211; Manu\u00e1l: <a href=\"https:\/\/orbit-zavlahy.sk\/PDF\/57467-instruction-manual-svk.pdf\">In\u0161tala\u010dn\u00e9 in\u0161trukcie<\/a><\/p>\n","protected":false},"excerpt":{"rendered":"<p>S\u00fa\u010das\u0165ou manifoldu je ostatn\u00e9 pr\u00edslu\u0161enstvo (<a href=\"https:\/\/orbit-zavlahy.sk\/obchod\/product\/1-veko-zelene\/\">1\u201d veko zelen\u00e9<\/a>, svorkov\u00e1 skri\u0148a Snap-Wire, <a href=\"https:\/\/orbit-zavlahy.sk\/obchod\/product\/3-port-manifold-extension-grn\/\">modul manifoldu<\/a>, manifoldy mo\u017eno prepoji\u0165 za sebou cez prevle\u010dn\u00e9 matice, kon\u0161truovan\u00e9 pre svojpomocn\u00fa in\u0161tal\u00e1ciu.<\/p>\n","protected":false},"featured_media":1372,"template":"","meta":{"spay_email":""},"product_cat":[24,39],"product_tag":[],"_links":{"self":[{"href":"https:\/\/orbit-zavlahy.sk\/obchod\/wp-json\/wp\/v2\/product\/815"}],"collection":[{"href":"https:\/\/orbit-zavlahy.sk\/obchod\/wp-json\/wp\/v2\/product"}],"about":[{"href":"https:\/\/orbit-zavlahy.sk\/obchod\/wp-json\/wp\/v2\/types\/product"}],"wp:featuredmedia":[{"embeddable":true,"href":"https:\/\/orbit-zavlahy.sk\/obchod\/wp-json\/wp\/v2\/media\/1372"}],"wp:attachment":[{"href":"https:\/\/orbit-zavlahy.sk\/obchod\/wp-json\/wp\/v2\/media?parent=815"}],"wp:term":[{"taxonomy":"product_cat","embeddable":true,"href":"https:\/\/orbit-zavlahy.sk\/obchod\/wp-json\/wp\/v2\/product_cat?post=815"},{"taxonomy":"product_tag","embeddable":true,"href":"https:\/\/orbit-zavlahy.sk\/obchod\/wp-json\/wp\/v2\/product_tag?post=815"}],"curies":[{"name":"wp","href":"https:\/\/api.w.org\/{rel}","templated":true}]}}