{"id":811,"date":"2020-11-10T15:49:13","date_gmt":"2020-11-10T14:49:13","guid":{"rendered":"https:\/\/orbit-zavlahy.sk\/eshop\/?post_type=product&#038;p=811"},"modified":"2020-12-11T12:19:44","modified_gmt":"2020-12-11T11:19:44","slug":"prechodovy-kus-32x1","status":"publish","type":"product","link":"https:\/\/orbit-zavlahy.sk\/obchod\/product\/prechodovy-kus-32x1\/","title":{"rendered":"Prechodov\u00fd kus 32&#215;1\u201d"},"content":{"rendered":"","protected":false},"excerpt":{"rendered":"<p>Prechodov\u00fd kus 32&#215;1\u201d s prevle\u010dnou maticou s 1\u201d vn\u00fatorn\u00fdm z\u00e1vitom pre prepojenie elektroventilov (manifoldu) so zavla\u017eovac\u00edm potrub\u00edm 32 mm <a href=\"https:\/\/orbit-zavlahy.sk\/obchod\/product\/potrubie-ld-pe-1bm\/\">Potrubie LD-PE \/ 1bm<\/a>; prevle\u010dn\u00e1 matica je vybaven\u00e1 \u201cO\u201d kr\u00fa\u017ekom; netreba pou\u017ei\u0165 tefl\u00f3nov\u00fa p\u00e1sku; prepojenie je \u013eahko rozoberate\u013en\u00e9.<\/p>\n","protected":false},"featured_media":1373,"template":"","meta":{"spay_email":""},"product_cat":[26,49],"product_tag":[],"_links":{"self":[{"href":"https:\/\/orbit-zavlahy.sk\/obchod\/wp-json\/wp\/v2\/product\/811"}],"collection":[{"href":"https:\/\/orbit-zavlahy.sk\/obchod\/wp-json\/wp\/v2\/product"}],"about":[{"href":"https:\/\/orbit-zavlahy.sk\/obchod\/wp-json\/wp\/v2\/types\/product"}],"wp:featuredmedia":[{"embeddable":true,"href":"https:\/\/orbit-zavlahy.sk\/obchod\/wp-json\/wp\/v2\/media\/1373"}],"wp:attachment":[{"href":"https:\/\/orbit-zavlahy.sk\/obchod\/wp-json\/wp\/v2\/media?parent=811"}],"wp:term":[{"taxonomy":"product_cat","embeddable":true,"href":"https:\/\/orbit-zavlahy.sk\/obchod\/wp-json\/wp\/v2\/product_cat?post=811"},{"taxonomy":"product_tag","embeddable":true,"href":"https:\/\/orbit-zavlahy.sk\/obchod\/wp-json\/wp\/v2\/product_tag?post=811"}],"curies":[{"name":"wp","href":"https:\/\/api.w.org\/{rel}","templated":true}]}}