{"id":809,"date":"2020-11-10T15:47:00","date_gmt":"2020-11-10T14:47:00","guid":{"rendered":"https:\/\/orbit-zavlahy.sk\/eshop\/?post_type=product&#038;p=809"},"modified":"2020-12-01T15:08:42","modified_gmt":"2020-12-01T14:08:42","slug":"manifold-2-ventilovy-snap-wire","status":"publish","type":"product","link":"https:\/\/orbit-zavlahy.sk\/obchod\/product\/manifold-2-ventilovy-snap-wire\/","title":{"rendered":"Manifold 2 ventilov\u00fd Snap\/wire"},"content":{"rendered":"<p>Elektroventil 11\/2\u201d(5\/4\u201d) 24 VAC tlak od 4 do 13 barov so solenoidom (s regul\u00e1ciou tlaku), 2x vn\u00fatorn\u00fd z\u00e1vit.<\/p>\n<p>Na stiahnutie: <a href=\"https:\/\/orbit-zavlahy.sk\/PDF\/manifold1.pdf\">N\u00e1vod na pou\u017eitie &#8211; Syst\u00e9m zavla\u017eovac\u00edch ventilov<\/a><\/p>\n","protected":false},"excerpt":{"rendered":"<p>S\u00fa\u010das\u0165ou manifoldu je ostatn\u00e9 pr\u00edslu\u0161enstvo (<a href=\"https:\/\/orbit-zavlahy.sk\/obchod\/product\/1-veko-zelene\/\">1\u201d veko zelen\u00e9<\/a>, svorkov\u00e1 skri\u0148a Snap-Wire, <a href=\"https:\/\/orbit-zavlahy.sk\/obchod\/product\/2-port-manifold-extension-grn\/\">modul manifoldu<\/a>, manifoldy mo\u017eno prepoji\u0165 za sebou cez prevle\u010dn\u00e9 matice, kon\u0161truovan\u00e9 pre svojpomocn\u00fa in\u0161tal\u00e1ciu.<\/p>\n","protected":false},"featured_media":2957,"template":"","meta":{"spay_email":""},"product_cat":[24,39],"product_tag":[75],"_links":{"self":[{"href":"https:\/\/orbit-zavlahy.sk\/obchod\/wp-json\/wp\/v2\/product\/809"}],"collection":[{"href":"https:\/\/orbit-zavlahy.sk\/obchod\/wp-json\/wp\/v2\/product"}],"about":[{"href":"https:\/\/orbit-zavlahy.sk\/obchod\/wp-json\/wp\/v2\/types\/product"}],"wp:featuredmedia":[{"embeddable":true,"href":"https:\/\/orbit-zavlahy.sk\/obchod\/wp-json\/wp\/v2\/media\/2957"}],"wp:attachment":[{"href":"https:\/\/orbit-zavlahy.sk\/obchod\/wp-json\/wp\/v2\/media?parent=809"}],"wp:term":[{"taxonomy":"product_cat","embeddable":true,"href":"https:\/\/orbit-zavlahy.sk\/obchod\/wp-json\/wp\/v2\/product_cat?post=809"},{"taxonomy":"product_tag","embeddable":true,"href":"https:\/\/orbit-zavlahy.sk\/obchod\/wp-json\/wp\/v2\/product_tag?post=809"}],"curies":[{"name":"wp","href":"https:\/\/api.w.org\/{rel}","templated":true}]}}