{"id":807,"date":"2020-11-10T15:34:54","date_gmt":"2020-11-10T14:34:54","guid":{"rendered":"https:\/\/orbit-zavlahy.sk\/eshop\/?post_type=product&#038;p=807"},"modified":"2020-11-25T10:53:23","modified_gmt":"2020-11-25T09:53:23","slug":"elektroventil-11-25-4-24-vac","status":"publish","type":"product","link":"https:\/\/orbit-zavlahy.sk\/obchod\/product\/elektroventil-11-25-4-24-vac\/","title":{"rendered":"Elektroventil 11\/2\u201d(5\/4\u201d) 24 VAC"},"content":{"rendered":"<p>Elektroventil 11\/2\u201d(5\/4\u201d) 24 VAC tlak od 4 do 13 barov so solenoidom (s regul\u00e1ciou tlaku), 2x vn\u00fatorn\u00fd z\u00e1vit.<\/p>\n","protected":false},"excerpt":{"rendered":"<p>Prietok od 18,7 do 350 litrov\/min. Mas\u00edvna kon\u0161trukcia. Pre prepojenie vodi\u010dov k elektromagnetick\u00e9mu ventilu s riadiacou jednotkou je nutn\u00e9 pou\u017ei\u0165 <a href=\"https:\/\/orbit-zavlahy.sk\/obchod\/product\/jednotlive-vodotesne-konektory-dby\/\">vodotesn\u00e9 konektory DBY<\/a>. Pou\u017eitie na \u0161portov\u00e9 plochy, pre po\u013enohospod\u00e1rstvo a ve\u013ek\u00e9 plochy.<\/p>\n","protected":false},"featured_media":1370,"template":"","meta":{"spay_email":""},"product_cat":[24,39],"product_tag":[],"_links":{"self":[{"href":"https:\/\/orbit-zavlahy.sk\/obchod\/wp-json\/wp\/v2\/product\/807"}],"collection":[{"href":"https:\/\/orbit-zavlahy.sk\/obchod\/wp-json\/wp\/v2\/product"}],"about":[{"href":"https:\/\/orbit-zavlahy.sk\/obchod\/wp-json\/wp\/v2\/types\/product"}],"wp:featuredmedia":[{"embeddable":true,"href":"https:\/\/orbit-zavlahy.sk\/obchod\/wp-json\/wp\/v2\/media\/1370"}],"wp:attachment":[{"href":"https:\/\/orbit-zavlahy.sk\/obchod\/wp-json\/wp\/v2\/media?parent=807"}],"wp:term":[{"taxonomy":"product_cat","embeddable":true,"href":"https:\/\/orbit-zavlahy.sk\/obchod\/wp-json\/wp\/v2\/product_cat?post=807"},{"taxonomy":"product_tag","embeddable":true,"href":"https:\/\/orbit-zavlahy.sk\/obchod\/wp-json\/wp\/v2\/product_tag?post=807"}],"curies":[{"name":"wp","href":"https:\/\/api.w.org\/{rel}","templated":true}]}}