{"id":799,"date":"2020-11-10T15:14:18","date_gmt":"2020-11-10T14:14:18","guid":{"rendered":"https:\/\/orbit-zavlahy.sk\/eshop\/?post_type=product&#038;p=799"},"modified":"2020-11-25T12:22:16","modified_gmt":"2020-11-25T11:22:16","slug":"elektroventil-1-24-vac-jar-top-so-solenoidom-2","status":"publish","type":"product","link":"https:\/\/orbit-zavlahy.sk\/obchod\/product\/elektroventil-1-24-vac-jar-top-so-solenoidom-2\/","title":{"rendered":"Elektroventil 1\u201d 24 VAC JAR TOP so solenoidom, 2x vonkaj\u0161\u00ed z\u00e1vit"},"content":{"rendered":"<p>elektroventil 1\u201d 24 VAC JAR TOP so solenoidom, 2x vonkaj\u0161\u00ed z\u00e1vit<\/p>\n","protected":false},"excerpt":{"rendered":"<p>Bez konektorov pre Snap WIRE. Pre prepojenie vodi\u010dov k elektromagnetick\u00e9mu ventilu s riadiacou jednotkou je nutn\u00e9 pou\u017ei\u0165 vodotesn\u00e9 konektory <a href=\"https:\/\/orbit-zavlahy.sk\/obchod\/product\/jednotlive-vodotesne-konektory-dby\/\">Jednotliv\u00e9 vodotesn\u00e9 konektory DBY<\/a>, mo\u017enos\u0165 manu\u00e1lneho ovl\u00e1dania, odn\u00edmate\u013en\u00e9 veko na z\u00e1vit umo\u017e\u0148uje \u013eahk\u00fd pr\u00edstup pre potreby \u00fadr\u017eby.<\/p>\n","protected":false},"featured_media":1367,"template":"","meta":{"spay_email":""},"product_cat":[24,39],"product_tag":[],"_links":{"self":[{"href":"https:\/\/orbit-zavlahy.sk\/obchod\/wp-json\/wp\/v2\/product\/799"}],"collection":[{"href":"https:\/\/orbit-zavlahy.sk\/obchod\/wp-json\/wp\/v2\/product"}],"about":[{"href":"https:\/\/orbit-zavlahy.sk\/obchod\/wp-json\/wp\/v2\/types\/product"}],"wp:featuredmedia":[{"embeddable":true,"href":"https:\/\/orbit-zavlahy.sk\/obchod\/wp-json\/wp\/v2\/media\/1367"}],"wp:attachment":[{"href":"https:\/\/orbit-zavlahy.sk\/obchod\/wp-json\/wp\/v2\/media?parent=799"}],"wp:term":[{"taxonomy":"product_cat","embeddable":true,"href":"https:\/\/orbit-zavlahy.sk\/obchod\/wp-json\/wp\/v2\/product_cat?post=799"},{"taxonomy":"product_tag","embeddable":true,"href":"https:\/\/orbit-zavlahy.sk\/obchod\/wp-json\/wp\/v2\/product_tag?post=799"}],"curies":[{"name":"wp","href":"https:\/\/api.w.org\/{rel}","templated":true}]}}