{"id":795,"date":"2020-11-10T15:05:21","date_gmt":"2020-11-10T14:05:21","guid":{"rendered":"https:\/\/orbit-zavlahy.sk\/eshop\/?post_type=product&#038;p=795"},"modified":"2021-07-28T09:10:03","modified_gmt":"2021-07-28T07:10:03","slug":"elektroventil-1-2-s-filtrom","status":"publish","type":"product","link":"https:\/\/orbit-zavlahy.sk\/obchod\/product\/elektroventil-1-2-s-filtrom\/","title":{"rendered":"Elektroventil 1\/2\u201d s filtrom"},"content":{"rendered":"<p>Na stiahnutie &#8211; N\u00c1VOD &#8211; <a href=\"https:\/\/orbit-zavlahy.sk\/obchod\/wp-content\/uploads\/2020\/11\/67790-instruction-manual-svk.pdf\">Elektroventil 1\/2\u201d s filtrom<\/a><\/p>\n","protected":false},"excerpt":{"rendered":"<p>prv\u00fd s\u00e9riovo vyr\u00e1ban\u00fd elektroventil s filtrom &#8211; 200 mesh a zabudovan\u00fdm<br \/>\nregul\u00e1torom tlaku<\/p>\n","protected":false},"featured_media":1364,"template":"","meta":{"spay_email":""},"product_cat":[24,39],"product_tag":[],"_links":{"self":[{"href":"https:\/\/orbit-zavlahy.sk\/obchod\/wp-json\/wp\/v2\/product\/795"}],"collection":[{"href":"https:\/\/orbit-zavlahy.sk\/obchod\/wp-json\/wp\/v2\/product"}],"about":[{"href":"https:\/\/orbit-zavlahy.sk\/obchod\/wp-json\/wp\/v2\/types\/product"}],"wp:featuredmedia":[{"embeddable":true,"href":"https:\/\/orbit-zavlahy.sk\/obchod\/wp-json\/wp\/v2\/media\/1364"}],"wp:attachment":[{"href":"https:\/\/orbit-zavlahy.sk\/obchod\/wp-json\/wp\/v2\/media?parent=795"}],"wp:term":[{"taxonomy":"product_cat","embeddable":true,"href":"https:\/\/orbit-zavlahy.sk\/obchod\/wp-json\/wp\/v2\/product_cat?post=795"},{"taxonomy":"product_tag","embeddable":true,"href":"https:\/\/orbit-zavlahy.sk\/obchod\/wp-json\/wp\/v2\/product_tag?post=795"}],"curies":[{"name":"wp","href":"https:\/\/api.w.org\/{rel}","templated":true}]}}