{"id":792,"date":"2020-11-10T14:49:15","date_gmt":"2020-11-10T13:49:15","guid":{"rendered":"https:\/\/orbit-zavlahy.sk\/eshop\/?post_type=product&#038;p=792"},"modified":"2021-01-19T14:59:52","modified_gmt":"2021-01-19T13:59:52","slug":"2x-b-hyve-senzor-uniku-vody-wifi-hub","status":"publish","type":"product","link":"https:\/\/orbit-zavlahy.sk\/obchod\/product\/2x-b-hyve-senzor-uniku-vody-wifi-hub\/","title":{"rendered":"2x B-HYVE SENZOR \u00daNIKU VODY + Wifi HUB"},"content":{"rendered":"","protected":false},"excerpt":{"rendered":"<p>Balenie obsahuje 2 kusy B-hyve senzoru \u00faniku vody a Wifi vysiela\u010d B-hyve\u00ae Hub, ktor\u00fd<br \/>\nv\u00e1s po sp\u00e1rovan\u00ed s aplik\u00e1ciou upozorn\u00ed na pr\u00edpadn\u00fd \u00fanik vody.<\/p>\n","protected":false},"featured_media":1551,"template":"","meta":{"spay_email":""},"product_cat":[71,23],"product_tag":[],"_links":{"self":[{"href":"https:\/\/orbit-zavlahy.sk\/obchod\/wp-json\/wp\/v2\/product\/792"}],"collection":[{"href":"https:\/\/orbit-zavlahy.sk\/obchod\/wp-json\/wp\/v2\/product"}],"about":[{"href":"https:\/\/orbit-zavlahy.sk\/obchod\/wp-json\/wp\/v2\/types\/product"}],"wp:featuredmedia":[{"embeddable":true,"href":"https:\/\/orbit-zavlahy.sk\/obchod\/wp-json\/wp\/v2\/media\/1551"}],"wp:attachment":[{"href":"https:\/\/orbit-zavlahy.sk\/obchod\/wp-json\/wp\/v2\/media?parent=792"}],"wp:term":[{"taxonomy":"product_cat","embeddable":true,"href":"https:\/\/orbit-zavlahy.sk\/obchod\/wp-json\/wp\/v2\/product_cat?post=792"},{"taxonomy":"product_tag","embeddable":true,"href":"https:\/\/orbit-zavlahy.sk\/obchod\/wp-json\/wp\/v2\/product_tag?post=792"}],"curies":[{"name":"wp","href":"https:\/\/api.w.org\/{rel}","templated":true}]}}