{"id":790,"date":"2020-11-10T14:47:10","date_gmt":"2020-11-10T13:47:10","guid":{"rendered":"https:\/\/orbit-zavlahy.sk\/eshop\/?post_type=product&#038;p=790"},"modified":"2021-01-19T15:01:11","modified_gmt":"2021-01-19T14:01:11","slug":"b-hyve-senzor-uniku-vody","status":"publish","type":"product","link":"https:\/\/orbit-zavlahy.sk\/obchod\/product\/b-hyve-senzor-uniku-vody\/","title":{"rendered":"B-HYVE SENZOR \u00daNIKU VODY"},"content":{"rendered":"","protected":false},"excerpt":{"rendered":"<p>Pri detekcii vody za\u0161le v\u00fdstrahu cez cloud. Ide\u00e1lny pre pou\u017eitie pod um\u00fdvadlami,<br \/>\num\u00fdva\u010dkami riadu, toaletami, ohrieva\u010dmi vody.<\/p>\n","protected":false},"featured_media":791,"template":"","meta":{"spay_email":""},"product_cat":[71,23],"product_tag":[],"_links":{"self":[{"href":"https:\/\/orbit-zavlahy.sk\/obchod\/wp-json\/wp\/v2\/product\/790"}],"collection":[{"href":"https:\/\/orbit-zavlahy.sk\/obchod\/wp-json\/wp\/v2\/product"}],"about":[{"href":"https:\/\/orbit-zavlahy.sk\/obchod\/wp-json\/wp\/v2\/types\/product"}],"wp:featuredmedia":[{"embeddable":true,"href":"https:\/\/orbit-zavlahy.sk\/obchod\/wp-json\/wp\/v2\/media\/791"}],"wp:attachment":[{"href":"https:\/\/orbit-zavlahy.sk\/obchod\/wp-json\/wp\/v2\/media?parent=790"}],"wp:term":[{"taxonomy":"product_cat","embeddable":true,"href":"https:\/\/orbit-zavlahy.sk\/obchod\/wp-json\/wp\/v2\/product_cat?post=790"},{"taxonomy":"product_tag","embeddable":true,"href":"https:\/\/orbit-zavlahy.sk\/obchod\/wp-json\/wp\/v2\/product_tag?post=790"}],"curies":[{"name":"wp","href":"https:\/\/api.w.org\/{rel}","templated":true}]}}