{"id":785,"date":"2020-11-10T14:42:01","date_gmt":"2020-11-10T13:42:01","guid":{"rendered":"https:\/\/orbit-zavlahy.sk\/eshop\/?post_type=product&#038;p=785"},"modified":"2020-11-11T15:30:09","modified_gmt":"2020-11-11T14:30:09","slug":"rx-15f-dazdovy-senzor","status":"publish","type":"product","link":"https:\/\/orbit-zavlahy.sk\/obchod\/product\/rx-15f-dazdovy-senzor\/","title":{"rendered":"RX-1,5F da\u017e\u010fov\u00fd senzor"},"content":{"rendered":"","protected":false},"excerpt":{"rendered":"<p>s napojen\u00edm na riadiacu jednotku 24 VAC;<br \/>\n9 m k\u00e1bel, nastavenie 3-25 mm zr\u00e1\u017eok, vyp\u00edna zavla\u017eovanie i pri<br \/>\npoklese teploty pod +3\u00b0C &#8211; teplotn\u00fd senzor; nastavite\u013en\u00e1 r\u00fdchlos\u0165 vysychania,<br \/>\n\u013eahk\u00e1 mont\u00e1\u017e, mo\u017eno pripoji\u0165 na v\u0161etky riadiace jednotky 24 VAC i in\u00fdch<br \/>\nv\u00fdrobcov, vyroben\u00fd z plastu odoln\u00e9ho proti UV \u017eiareniu; jednoduch\u00e1 obsluha<\/p>\n","protected":false},"featured_media":1361,"template":"","meta":{"spay_email":""},"product_cat":[71,23],"product_tag":[],"_links":{"self":[{"href":"https:\/\/orbit-zavlahy.sk\/obchod\/wp-json\/wp\/v2\/product\/785"}],"collection":[{"href":"https:\/\/orbit-zavlahy.sk\/obchod\/wp-json\/wp\/v2\/product"}],"about":[{"href":"https:\/\/orbit-zavlahy.sk\/obchod\/wp-json\/wp\/v2\/types\/product"}],"wp:featuredmedia":[{"embeddable":true,"href":"https:\/\/orbit-zavlahy.sk\/obchod\/wp-json\/wp\/v2\/media\/1361"}],"wp:attachment":[{"href":"https:\/\/orbit-zavlahy.sk\/obchod\/wp-json\/wp\/v2\/media?parent=785"}],"wp:term":[{"taxonomy":"product_cat","embeddable":true,"href":"https:\/\/orbit-zavlahy.sk\/obchod\/wp-json\/wp\/v2\/product_cat?post=785"},{"taxonomy":"product_tag","embeddable":true,"href":"https:\/\/orbit-zavlahy.sk\/obchod\/wp-json\/wp\/v2\/product_tag?post=785"}],"curies":[{"name":"wp","href":"https:\/\/api.w.org\/{rel}","templated":true}]}}