{"id":783,"date":"2020-11-10T14:38:53","date_gmt":"2020-11-10T13:38:53","guid":{"rendered":"https:\/\/orbit-zavlahy.sk\/eshop\/?post_type=product&#038;p=783"},"modified":"2020-11-11T15:30:27","modified_gmt":"2020-11-11T14:30:27","slug":"jednotlive-vodotesne-konektory-dby","status":"publish","type":"product","link":"https:\/\/orbit-zavlahy.sk\/obchod\/product\/jednotlive-vodotesne-konektory-dby\/","title":{"rendered":"Jednotliv\u00e9 vodotesn\u00e9 konektory DBY"},"content":{"rendered":"","protected":false},"excerpt":{"rendered":"<p>jednotliv\u00e9 vodotesn\u00e9 konektory DBY sl\u00fa\u017eia k prepojeniu vodi\u010dov 24 V vo vlhkom<br \/>\nprostred\u00ed; 1 ks prepojuje s\u00fa\u010dasne 2 &#8211; 4 vodi\u010de, (cena za 1 ks)<\/p>\n","protected":false},"featured_media":1360,"template":"","meta":{"spay_email":""},"product_cat":[71,23],"product_tag":[],"_links":{"self":[{"href":"https:\/\/orbit-zavlahy.sk\/obchod\/wp-json\/wp\/v2\/product\/783"}],"collection":[{"href":"https:\/\/orbit-zavlahy.sk\/obchod\/wp-json\/wp\/v2\/product"}],"about":[{"href":"https:\/\/orbit-zavlahy.sk\/obchod\/wp-json\/wp\/v2\/types\/product"}],"wp:featuredmedia":[{"embeddable":true,"href":"https:\/\/orbit-zavlahy.sk\/obchod\/wp-json\/wp\/v2\/media\/1360"}],"wp:attachment":[{"href":"https:\/\/orbit-zavlahy.sk\/obchod\/wp-json\/wp\/v2\/media?parent=783"}],"wp:term":[{"taxonomy":"product_cat","embeddable":true,"href":"https:\/\/orbit-zavlahy.sk\/obchod\/wp-json\/wp\/v2\/product_cat?post=783"},{"taxonomy":"product_tag","embeddable":true,"href":"https:\/\/orbit-zavlahy.sk\/obchod\/wp-json\/wp\/v2\/product_tag?post=783"}],"curies":[{"name":"wp","href":"https:\/\/api.w.org\/{rel}","templated":true}]}}