{"id":781,"date":"2020-11-10T14:32:07","date_gmt":"2020-11-10T13:32:07","guid":{"rendered":"https:\/\/orbit-zavlahy.sk\/eshop\/?post_type=product&#038;p=781"},"modified":"2020-11-11T15:30:50","modified_gmt":"2020-11-11T14:30:50","slug":"flexibilna-chranicka-pre-zemne-kable","status":"publish","type":"product","link":"https:\/\/orbit-zavlahy.sk\/obchod\/product\/flexibilna-chranicka-pre-zemne-kable\/","title":{"rendered":"Flexibiln\u00e1 chr\u00e1ni\u010dka pre zemn\u00e9 k\u00e1ble"},"content":{"rendered":"","protected":false},"excerpt":{"rendered":"<p>flexibiln\u00e1 chr\u00e1ni\u010dka pre zemn\u00e9 k\u00e1ble, max. 7 x 1,5 mm CYKY, vonkaj\u0161\u00ed priemer<br \/>\n25 mm; balenie 50 m delite\u013en\u00e9 po 1 m; cena za 1 m<\/p>\n","protected":false},"featured_media":1359,"template":"","meta":{"spay_email":""},"product_cat":[71,23],"product_tag":[],"_links":{"self":[{"href":"https:\/\/orbit-zavlahy.sk\/obchod\/wp-json\/wp\/v2\/product\/781"}],"collection":[{"href":"https:\/\/orbit-zavlahy.sk\/obchod\/wp-json\/wp\/v2\/product"}],"about":[{"href":"https:\/\/orbit-zavlahy.sk\/obchod\/wp-json\/wp\/v2\/types\/product"}],"wp:featuredmedia":[{"embeddable":true,"href":"https:\/\/orbit-zavlahy.sk\/obchod\/wp-json\/wp\/v2\/media\/1359"}],"wp:attachment":[{"href":"https:\/\/orbit-zavlahy.sk\/obchod\/wp-json\/wp\/v2\/media?parent=781"}],"wp:term":[{"taxonomy":"product_cat","embeddable":true,"href":"https:\/\/orbit-zavlahy.sk\/obchod\/wp-json\/wp\/v2\/product_cat?post=781"},{"taxonomy":"product_tag","embeddable":true,"href":"https:\/\/orbit-zavlahy.sk\/obchod\/wp-json\/wp\/v2\/product_tag?post=781"}],"curies":[{"name":"wp","href":"https:\/\/api.w.org\/{rel}","templated":true}]}}