{"id":772,"date":"2020-11-10T14:00:56","date_gmt":"2020-11-10T13:00:56","guid":{"rendered":"https:\/\/orbit-zavlahy.sk\/eshop\/?post_type=product&#038;p=772"},"modified":"2020-11-11T15:48:37","modified_gmt":"2020-11-11T14:48:37","slug":"samostatny-transformator","status":"publish","type":"product","link":"https:\/\/orbit-zavlahy.sk\/obchod\/product\/samostatny-transformator\/","title":{"rendered":"Samostatn\u00fd transform\u00e1tor"},"content":{"rendered":"","protected":false},"excerpt":{"rendered":"<p>samostatn\u00fd transform\u00e1tor, 230\/24 VAC 20 W adapt\u00e9r &#8211; prevedenie do z\u00e1suvky;<br \/>\npre v\u0161etky riadiace jednotky Orbit<\/p>\n","protected":false},"featured_media":1357,"template":"","meta":{"spay_email":""},"product_cat":[71,23],"product_tag":[],"_links":{"self":[{"href":"https:\/\/orbit-zavlahy.sk\/obchod\/wp-json\/wp\/v2\/product\/772"}],"collection":[{"href":"https:\/\/orbit-zavlahy.sk\/obchod\/wp-json\/wp\/v2\/product"}],"about":[{"href":"https:\/\/orbit-zavlahy.sk\/obchod\/wp-json\/wp\/v2\/types\/product"}],"wp:featuredmedia":[{"embeddable":true,"href":"https:\/\/orbit-zavlahy.sk\/obchod\/wp-json\/wp\/v2\/media\/1357"}],"wp:attachment":[{"href":"https:\/\/orbit-zavlahy.sk\/obchod\/wp-json\/wp\/v2\/media?parent=772"}],"wp:term":[{"taxonomy":"product_cat","embeddable":true,"href":"https:\/\/orbit-zavlahy.sk\/obchod\/wp-json\/wp\/v2\/product_cat?post=772"},{"taxonomy":"product_tag","embeddable":true,"href":"https:\/\/orbit-zavlahy.sk\/obchod\/wp-json\/wp\/v2\/product_tag?post=772"}],"curies":[{"name":"wp","href":"https:\/\/api.w.org\/{rel}","templated":true}]}}