{"id":767,"date":"2020-11-10T13:56:34","date_gmt":"2020-11-10T12:56:34","guid":{"rendered":"https:\/\/orbit-zavlahy.sk\/eshop\/?post_type=product&#038;p=767"},"modified":"2021-07-23T11:22:56","modified_gmt":"2021-07-23T09:22:56","slug":"pump-start-relay","status":"publish","type":"product","link":"https:\/\/orbit-zavlahy.sk\/obchod\/product\/pump-start-relay\/","title":{"rendered":"Pump Start Relay"},"content":{"rendered":"<p>Na stiahnutie &#8211; N\u00c1VOD &#8211; <a href=\"https:\/\/orbit-zavlahy.sk\/obchod\/wp-content\/uploads\/2020\/11\/pump-start-relay.pdf\">Pump Start Relay<\/a><\/p>\n","protected":false},"excerpt":{"rendered":"<p>zariadenie pre automatick\u00e9 spustenie \u010derpadla v studni alebo vodnej n\u00e1dr\u017ei na<br \/>\npovel riadiacej jednotky (Orbit Timer), plne kompatibiln\u00e1 so v\u0161etk\u00fdmi \u0161tandardn\u00fdmi<br \/>\nriadiacimi jednotkami 24 VAC, sp\u00fa\u0161\u0165a \u010derpadlo v okamihu, ke\u010f riadiaca jednotka<br \/>\naktivuje ventil, len pre jednof\u00e1zov\u00e9 motory \u010derpadiel so sp\u00ednan\u00fdm pr\u00edkonom men\u0161\u00edm ako<br \/>\n1,5 kW, dod\u00e1van\u00e9 v po\u010dasiu odolnom boxe<\/p>\n","protected":false},"featured_media":1355,"template":"","meta":{"spay_email":""},"product_cat":[71,23],"product_tag":[],"_links":{"self":[{"href":"https:\/\/orbit-zavlahy.sk\/obchod\/wp-json\/wp\/v2\/product\/767"}],"collection":[{"href":"https:\/\/orbit-zavlahy.sk\/obchod\/wp-json\/wp\/v2\/product"}],"about":[{"href":"https:\/\/orbit-zavlahy.sk\/obchod\/wp-json\/wp\/v2\/types\/product"}],"wp:featuredmedia":[{"embeddable":true,"href":"https:\/\/orbit-zavlahy.sk\/obchod\/wp-json\/wp\/v2\/media\/1355"}],"wp:attachment":[{"href":"https:\/\/orbit-zavlahy.sk\/obchod\/wp-json\/wp\/v2\/media?parent=767"}],"wp:term":[{"taxonomy":"product_cat","embeddable":true,"href":"https:\/\/orbit-zavlahy.sk\/obchod\/wp-json\/wp\/v2\/product_cat?post=767"},{"taxonomy":"product_tag","embeddable":true,"href":"https:\/\/orbit-zavlahy.sk\/obchod\/wp-json\/wp\/v2\/product_tag?post=767"}],"curies":[{"name":"wp","href":"https:\/\/api.w.org\/{rel}","templated":true}]}}