{"id":766,"date":"2020-11-10T13:55:01","date_gmt":"2020-11-10T12:55:01","guid":{"rendered":"https:\/\/orbit-zavlahy.sk\/eshop\/?post_type=product&#038;p=766"},"modified":"2021-01-19T15:05:38","modified_gmt":"2021-01-19T14:05:38","slug":"baterkovy-casovac-elektroventilu","status":"publish","type":"product","link":"https:\/\/orbit-zavlahy.sk\/obchod\/product\/baterkovy-casovac-elektroventilu\/","title":{"rendered":"Baterkov\u00fd \u010dasova\u010d elektroventilu"},"content":{"rendered":"","protected":false},"excerpt":{"rendered":"<p>Ide\u00e1lny pre miesta, kde nie je k dispoz\u00edcii \u017eiadna energia. Odn\u00edmate\u013en\u00fd, vodotesn\u00fd LCD<br \/>\n\u010dasova\u010d s programovan\u00edm Easy-Set Logic \u2122 umo\u017e\u0148uje r\u00fdchlu a jednoduch\u00fa in\u0161tal\u00e1ciu.<br \/>\n\u2022 dva automatick\u00e9 programy s 8 \u010dasmi spustenia<br \/>\n\u2022 mo\u017enos\u0165 manu\u00e1lneho spustenia a mo\u017enos\u0165 odkladu z\u00e1vlahy v d\u00f4sledku zaznamenania<br \/>\nzr\u00e1\u017eok<br \/>\n\u2022 roz\u0161\u00edrite\u013en\u00e9 a\u017e o 4 ventily s n\u00e1kupom \u010fal\u0161\u00edch solenoidov<br \/>\n\u2022 jar-top ventil pre \u013eahk\u00fa \u00fadr\u017ebu<\/p>\n","protected":false},"featured_media":2416,"template":"","meta":{"spay_email":""},"product_cat":[38,23],"product_tag":[],"_links":{"self":[{"href":"https:\/\/orbit-zavlahy.sk\/obchod\/wp-json\/wp\/v2\/product\/766"}],"collection":[{"href":"https:\/\/orbit-zavlahy.sk\/obchod\/wp-json\/wp\/v2\/product"}],"about":[{"href":"https:\/\/orbit-zavlahy.sk\/obchod\/wp-json\/wp\/v2\/types\/product"}],"wp:featuredmedia":[{"embeddable":true,"href":"https:\/\/orbit-zavlahy.sk\/obchod\/wp-json\/wp\/v2\/media\/2416"}],"wp:attachment":[{"href":"https:\/\/orbit-zavlahy.sk\/obchod\/wp-json\/wp\/v2\/media?parent=766"}],"wp:term":[{"taxonomy":"product_cat","embeddable":true,"href":"https:\/\/orbit-zavlahy.sk\/obchod\/wp-json\/wp\/v2\/product_cat?post=766"},{"taxonomy":"product_tag","embeddable":true,"href":"https:\/\/orbit-zavlahy.sk\/obchod\/wp-json\/wp\/v2\/product_tag?post=766"}],"curies":[{"name":"wp","href":"https:\/\/api.w.org\/{rel}","templated":true}]}}