{"id":764,"date":"2020-11-10T13:51:42","date_gmt":"2020-11-10T12:51:42","guid":{"rendered":"https:\/\/orbit-zavlahy.sk\/eshop\/?post_type=product&#038;p=764"},"modified":"2021-01-19T15:05:47","modified_gmt":"2021-01-19T14:05:47","slug":"rozsirenie-casovacu-b-hyve","status":"publish","type":"product","link":"https:\/\/orbit-zavlahy.sk\/obchod\/product\/rozsirenie-casovacu-b-hyve\/","title":{"rendered":"Roz\u0161\u00edrenie \u010dasova\u010du B-hyve"},"content":{"rendered":"","protected":false},"excerpt":{"rendered":"<p>Zavla\u017eovac\u00ed \u010dasova\u010d ktor\u00fd pomocou Bluetooth\u00ae a aplik\u00e1cie B-hyve\u00ae pren\u00e1\u0161a sign\u00e1l a\u017e do vzdialenosti 45 metrov. Jednoduch\u00e1 in\u0161tal\u00e1cia. Pre Wi-Fi pr\u00edstup a inteligentn\u00e9 funkcie sp\u00e1rujte s <a href=\"https:\/\/orbit-zavlahy.sk\/obchod\/product\/wifi-hub\/\">Wifi HUB<\/a> (pred\u00e1va sa osobitne). Obsahuje integrovan\u00fd prietokomer na v\u00fdpo\u010det spotreby vody.<\/p>\n","protected":false},"featured_media":1548,"template":"","meta":{"spay_email":""},"product_cat":[38,23],"product_tag":[],"_links":{"self":[{"href":"https:\/\/orbit-zavlahy.sk\/obchod\/wp-json\/wp\/v2\/product\/764"}],"collection":[{"href":"https:\/\/orbit-zavlahy.sk\/obchod\/wp-json\/wp\/v2\/product"}],"about":[{"href":"https:\/\/orbit-zavlahy.sk\/obchod\/wp-json\/wp\/v2\/types\/product"}],"wp:featuredmedia":[{"embeddable":true,"href":"https:\/\/orbit-zavlahy.sk\/obchod\/wp-json\/wp\/v2\/media\/1548"}],"wp:attachment":[{"href":"https:\/\/orbit-zavlahy.sk\/obchod\/wp-json\/wp\/v2\/media?parent=764"}],"wp:term":[{"taxonomy":"product_cat","embeddable":true,"href":"https:\/\/orbit-zavlahy.sk\/obchod\/wp-json\/wp\/v2\/product_cat?post=764"},{"taxonomy":"product_tag","embeddable":true,"href":"https:\/\/orbit-zavlahy.sk\/obchod\/wp-json\/wp\/v2\/product_tag?post=764"}],"curies":[{"name":"wp","href":"https:\/\/api.w.org\/{rel}","templated":true}]}}