{"id":760,"date":"2020-11-10T13:47:20","date_gmt":"2020-11-10T12:47:20","guid":{"rendered":"https:\/\/orbit-zavlahy.sk\/eshop\/?post_type=product&#038;p=760"},"modified":"2021-01-19T15:06:28","modified_gmt":"2021-01-19T14:06:28","slug":"mechanicky-natahovaci-casovac-hose-faucet-timer","status":"publish","type":"product","link":"https:\/\/orbit-zavlahy.sk\/obchod\/product\/mechanicky-natahovaci-casovac-hose-faucet-timer\/","title":{"rendered":"Mechanick\u00fd (na\u0165ahovac\u00ed) \u010dasova\u010d \u201cHose Faucet Timer\u201d"},"content":{"rendered":"","protected":false},"excerpt":{"rendered":"<p>jednoduch\u00e9 ovl\u00e1danie a nastavenie zavla\u017eovania, mo\u017enos\u0165 nastavenia od 5-120 min,<br \/>\nautomatick\u00e9 vypnutie &#8211; princ\u00edp na\u0165ahovac\u00edch hod\u00edn, 3\/4\u201d pripojenie<\/p>\n","protected":false},"featured_media":1559,"template":"","meta":{"spay_email":""},"product_cat":[38,23],"product_tag":[],"_links":{"self":[{"href":"https:\/\/orbit-zavlahy.sk\/obchod\/wp-json\/wp\/v2\/product\/760"}],"collection":[{"href":"https:\/\/orbit-zavlahy.sk\/obchod\/wp-json\/wp\/v2\/product"}],"about":[{"href":"https:\/\/orbit-zavlahy.sk\/obchod\/wp-json\/wp\/v2\/types\/product"}],"wp:featuredmedia":[{"embeddable":true,"href":"https:\/\/orbit-zavlahy.sk\/obchod\/wp-json\/wp\/v2\/media\/1559"}],"wp:attachment":[{"href":"https:\/\/orbit-zavlahy.sk\/obchod\/wp-json\/wp\/v2\/media?parent=760"}],"wp:term":[{"taxonomy":"product_cat","embeddable":true,"href":"https:\/\/orbit-zavlahy.sk\/obchod\/wp-json\/wp\/v2\/product_cat?post=760"},{"taxonomy":"product_tag","embeddable":true,"href":"https:\/\/orbit-zavlahy.sk\/obchod\/wp-json\/wp\/v2\/product_tag?post=760"}],"curies":[{"name":"wp","href":"https:\/\/api.w.org\/{rel}","templated":true}]}}