{"id":758,"date":"2020-11-10T13:45:04","date_gmt":"2020-11-10T12:45:04","guid":{"rendered":"https:\/\/orbit-zavlahy.sk\/eshop\/?post_type=product&#038;p=758"},"modified":"2024-12-02T23:37:35","modified_gmt":"2024-12-02T22:37:35","slug":"buddy-ii-dvojvetvovy-digitalny-casovac","status":"publish","type":"product","link":"https:\/\/orbit-zavlahy.sk\/obchod\/product\/buddy-ii-dvojvetvovy-digitalny-casovac\/","title":{"rendered":"Buddy II &#8211; dvojvetvov\u00fd digit\u00e1lny \u010dasova\u010d"},"content":{"rendered":"<p>Na stiahnutie &#8211; N\u00c1VOD &#8211; <a href=\"https:\/\/orbit-zavlahy.sk\/obchod\/wp-content\/uploads\/2020\/11\/buddy-II-1.pdf\">N\u00e1vod &#8211; Digit\u00e1lna riadiaca jednotka Buddy II<\/a><\/p>\n","protected":false},"excerpt":{"rendered":"<p>jednoduch\u00e9 ovl\u00e1danie oto\u010dn\u00fdm kolieskom, ve\u013ek\u00fd digit\u00e1lny displej umo\u017e\u0148uje<br \/>\njednoduch\u00e9 a r\u00fdchle nastavenie ka\u017edej vetvy samostatne, doba zavla\u017eovania od<br \/>\n1-240 min, ka\u017ed\u00fdch 6, 12 hod\u00edn alebo ka\u017ed\u00fd de\u0148, ka\u017ed\u00fd druh\u00fd de\u0148, mo\u017enos\u0165 a\u017e po<br \/>\n7 d\u0148och, jednotka je vodotesn\u00e1, 3\/4\u201d pripojenie<\/p>\n","protected":false},"featured_media":1564,"template":"","meta":{"spay_email":""},"product_cat":[38,23],"product_tag":[],"_links":{"self":[{"href":"https:\/\/orbit-zavlahy.sk\/obchod\/wp-json\/wp\/v2\/product\/758"}],"collection":[{"href":"https:\/\/orbit-zavlahy.sk\/obchod\/wp-json\/wp\/v2\/product"}],"about":[{"href":"https:\/\/orbit-zavlahy.sk\/obchod\/wp-json\/wp\/v2\/types\/product"}],"wp:featuredmedia":[{"embeddable":true,"href":"https:\/\/orbit-zavlahy.sk\/obchod\/wp-json\/wp\/v2\/media\/1564"}],"wp:attachment":[{"href":"https:\/\/orbit-zavlahy.sk\/obchod\/wp-json\/wp\/v2\/media?parent=758"}],"wp:term":[{"taxonomy":"product_cat","embeddable":true,"href":"https:\/\/orbit-zavlahy.sk\/obchod\/wp-json\/wp\/v2\/product_cat?post=758"},{"taxonomy":"product_tag","embeddable":true,"href":"https:\/\/orbit-zavlahy.sk\/obchod\/wp-json\/wp\/v2\/product_tag?post=758"}],"curies":[{"name":"wp","href":"https:\/\/api.w.org\/{rel}","templated":true}]}}