{"id":756,"date":"2020-11-10T13:43:14","date_gmt":"2020-11-10T12:43:14","guid":{"rendered":"https:\/\/orbit-zavlahy.sk\/eshop\/?post_type=product&#038;p=756"},"modified":"2021-07-23T14:15:36","modified_gmt":"2021-07-23T12:15:36","slug":"buddy-i-jednovetvovy-digitalny-casovac","status":"publish","type":"product","link":"https:\/\/orbit-zavlahy.sk\/obchod\/product\/buddy-i-jednovetvovy-digitalny-casovac\/","title":{"rendered":"Buddy I &#8211; jednovetvov\u00fd digit\u00e1lny \u010dasova\u010d"},"content":{"rendered":"<p>Na stiahnutie &#8211; N\u00c1VOD &#8211; <a href=\"https:\/\/orbit-zavlahy.sk\/obchod\/wp-content\/uploads\/2020\/11\/buddy-I.pdf\">Buddy I &#8211; jednovetvov\u00fd digit\u00e1lny \u010dasova\u010d<\/a><\/p>\n","protected":false},"excerpt":{"rendered":"<p>jednoduch\u00e9 ovl\u00e1danie oto\u010dn\u00fdm kolieskom, ve\u013ek\u00fd digit\u00e1lny displej umo\u017e\u0148uje jednoduch\u00e9<br \/>\na r\u00fdchle nastavenie, doba zavla\u017eovania od 1-240 min, ka\u017ed\u00fdch 6, 12 hod\u00edn alebo ka\u017ed\u00fd<br \/>\nde\u0148, ka\u017ed\u00fd druh\u00fd de\u0148, mo\u017enos\u0165 a\u017e po 7 d\u0148och, jednotka je vodotesn\u00e1, 3\/4\u201d pripojenie<\/p>\n","protected":false},"featured_media":1352,"template":"","meta":{"spay_email":""},"product_cat":[38,23],"product_tag":[],"_links":{"self":[{"href":"https:\/\/orbit-zavlahy.sk\/obchod\/wp-json\/wp\/v2\/product\/756"}],"collection":[{"href":"https:\/\/orbit-zavlahy.sk\/obchod\/wp-json\/wp\/v2\/product"}],"about":[{"href":"https:\/\/orbit-zavlahy.sk\/obchod\/wp-json\/wp\/v2\/types\/product"}],"wp:featuredmedia":[{"embeddable":true,"href":"https:\/\/orbit-zavlahy.sk\/obchod\/wp-json\/wp\/v2\/media\/1352"}],"wp:attachment":[{"href":"https:\/\/orbit-zavlahy.sk\/obchod\/wp-json\/wp\/v2\/media?parent=756"}],"wp:term":[{"taxonomy":"product_cat","embeddable":true,"href":"https:\/\/orbit-zavlahy.sk\/obchod\/wp-json\/wp\/v2\/product_cat?post=756"},{"taxonomy":"product_tag","embeddable":true,"href":"https:\/\/orbit-zavlahy.sk\/obchod\/wp-json\/wp\/v2\/product_tag?post=756"}],"curies":[{"name":"wp","href":"https:\/\/api.w.org\/{rel}","templated":true}]}}