{"id":754,"date":"2020-11-10T13:41:15","date_gmt":"2020-11-10T12:41:15","guid":{"rendered":"https:\/\/orbit-zavlahy.sk\/eshop\/?post_type=product&#038;p=754"},"modified":"2020-11-23T15:09:26","modified_gmt":"2020-11-23T14:09:26","slug":"garden-watering-system-valve","status":"publish","type":"product","link":"https:\/\/orbit-zavlahy.sk\/obchod\/product\/garden-watering-system-valve\/","title":{"rendered":"Garden Watering System Valve"},"content":{"rendered":"","protected":false},"excerpt":{"rendered":"<p>n\u00e1hradn\u00fd z\u00e1hradn\u00fd ventil, telo ventila je vodotesn\u00e9, 3\/4\u201d pripojenie<\/p>\n","protected":false},"featured_media":2951,"template":"","meta":{"spay_email":""},"product_cat":[38,23],"product_tag":[],"_links":{"self":[{"href":"https:\/\/orbit-zavlahy.sk\/obchod\/wp-json\/wp\/v2\/product\/754"}],"collection":[{"href":"https:\/\/orbit-zavlahy.sk\/obchod\/wp-json\/wp\/v2\/product"}],"about":[{"href":"https:\/\/orbit-zavlahy.sk\/obchod\/wp-json\/wp\/v2\/types\/product"}],"wp:featuredmedia":[{"embeddable":true,"href":"https:\/\/orbit-zavlahy.sk\/obchod\/wp-json\/wp\/v2\/media\/2951"}],"wp:attachment":[{"href":"https:\/\/orbit-zavlahy.sk\/obchod\/wp-json\/wp\/v2\/media?parent=754"}],"wp:term":[{"taxonomy":"product_cat","embeddable":true,"href":"https:\/\/orbit-zavlahy.sk\/obchod\/wp-json\/wp\/v2\/product_cat?post=754"},{"taxonomy":"product_tag","embeddable":true,"href":"https:\/\/orbit-zavlahy.sk\/obchod\/wp-json\/wp\/v2\/product_tag?post=754"}],"curies":[{"name":"wp","href":"https:\/\/api.w.org\/{rel}","templated":true}]}}