{"id":752,"date":"2020-11-10T13:38:05","date_gmt":"2020-11-10T12:38:05","guid":{"rendered":"https:\/\/orbit-zavlahy.sk\/eshop\/?post_type=product&#038;p=752"},"modified":"2020-11-25T10:22:04","modified_gmt":"2020-11-25T09:22:04","slug":"zahradny-zavlazovaci-set","status":"publish","type":"product","link":"https:\/\/orbit-zavlahy.sk\/obchod\/product\/zahradny-zavlazovaci-set\/","title":{"rendered":"Z\u00e1hradn\u00fd zavla\u017eovac\u00ed set"},"content":{"rendered":"","protected":false},"excerpt":{"rendered":"<p>Ve\u013ek\u00fd LCD displej, 2-4 nez\u00e1visl\u00e9 zavla\u017eovacie vetvy, 3 \u0161tarty pre ka\u017ed\u00fa vetvu, mo\u017enos\u0165 zavla\u017eovania od 1-240 min., intervaly zavla\u017eovania, ka\u017ed\u00fd de\u0148, ka\u017ed\u00fd druh\u00fd de\u0148, a\u017e do 14 dn\u00ed, mo\u017enos\u0165 odlo\u017eenia \u0161tartu z\u00e1vlahy k v\u00f4li da\u017e\u010fu o 24, 48, 72 hod.; sada obsahuje: 2 ventily, manifold a \u010dasova\u010d. Mo\u017enos\u0165 dodato\u010dn\u00e9ho dok\u00fapenia \u010fal\u0161\u00edch 2 ventilov &#8211; <a href=\"https:\/\/orbit-zavlahy.sk\/obchod\/product\/garden-watering-system-valve\/\">Garden Watering System Valve &#8211; n\u00e1hradn\u00fd z\u00e1hradn\u00fd ventil<\/a> s 3\/4\u201d pripojen\u00edm.<\/p>\n","protected":false},"featured_media":2843,"template":"","meta":{"spay_email":""},"product_cat":[38,23],"product_tag":[75],"_links":{"self":[{"href":"https:\/\/orbit-zavlahy.sk\/obchod\/wp-json\/wp\/v2\/product\/752"}],"collection":[{"href":"https:\/\/orbit-zavlahy.sk\/obchod\/wp-json\/wp\/v2\/product"}],"about":[{"href":"https:\/\/orbit-zavlahy.sk\/obchod\/wp-json\/wp\/v2\/types\/product"}],"wp:featuredmedia":[{"embeddable":true,"href":"https:\/\/orbit-zavlahy.sk\/obchod\/wp-json\/wp\/v2\/media\/2843"}],"wp:attachment":[{"href":"https:\/\/orbit-zavlahy.sk\/obchod\/wp-json\/wp\/v2\/media?parent=752"}],"wp:term":[{"taxonomy":"product_cat","embeddable":true,"href":"https:\/\/orbit-zavlahy.sk\/obchod\/wp-json\/wp\/v2\/product_cat?post=752"},{"taxonomy":"product_tag","embeddable":true,"href":"https:\/\/orbit-zavlahy.sk\/obchod\/wp-json\/wp\/v2\/product_tag?post=752"}],"curies":[{"name":"wp","href":"https:\/\/api.w.org\/{rel}","templated":true}]}}