{"id":748,"date":"2020-11-10T13:20:47","date_gmt":"2020-11-10T12:20:47","guid":{"rendered":"https:\/\/orbit-zavlahy.sk\/eshop\/?post_type=product&#038;p=748"},"modified":"2021-07-23T11:27:15","modified_gmt":"2021-07-23T09:27:15","slug":"programovatelny-casovy-spinac","status":"publish","type":"product","link":"https:\/\/orbit-zavlahy.sk\/obchod\/product\/programovatelny-casovy-spinac\/","title":{"rendered":"Programovate\u013en\u00fd \u010dasov\u00fd sp\u00edna\u010d"},"content":{"rendered":"<p>Na stiahnutie &#8211; N\u00c1VOD &#8211; <a href=\"https:\/\/orbit-zavlahy.sk\/obchod\/wp-content\/uploads\/2020\/11\/programovatelny-casovy-spinac.pdf\">Programovate\u013en\u00fd \u010dasov\u00fd sp\u00edna\u010d<\/a><\/p>\n","protected":false},"excerpt":{"rendered":"<p>bat\u00e9riov\u00fd \u010dasov\u00fd sp\u00edna\u010d prietoku vody, pripojenie na zdroj vody 3\/4\u201d, mo\u017enos\u0165<br \/>\nv\u00fdberu z 10 zavl. intervalov, nastavenie 8 d\u00f4b d\u013a\u017eky zavla\u017eovania 2-120 min;<br \/>\nnastavenie \u010dasu zapnutia, doba z\u00e1vlahy 2-120 min. v ka\u017edom intervale, vonkaj\u0161ie<br \/>\npou\u017eitie, jednoduch\u00e9 pripojenie na 3\/4\u201d hadicu so z\u00e1hradn\u00fdmi rozstrekova\u010dmi;<br \/>\njedno tla\u010didlo pre nastavenie \u010dasu, tla\u010didlo pre nastavenie \u0161tartu zavla\u017eovacieho<br \/>\nprocesu, oto\u010dn\u00fdm ovl\u00e1dan\u00edm nastavenie intervalu d\u013a\u017eky zavla\u017eovania<\/p>\n","protected":false},"featured_media":1349,"template":"","meta":{"spay_email":""},"product_cat":[82,38,23],"product_tag":[],"_links":{"self":[{"href":"https:\/\/orbit-zavlahy.sk\/obchod\/wp-json\/wp\/v2\/product\/748"}],"collection":[{"href":"https:\/\/orbit-zavlahy.sk\/obchod\/wp-json\/wp\/v2\/product"}],"about":[{"href":"https:\/\/orbit-zavlahy.sk\/obchod\/wp-json\/wp\/v2\/types\/product"}],"wp:featuredmedia":[{"embeddable":true,"href":"https:\/\/orbit-zavlahy.sk\/obchod\/wp-json\/wp\/v2\/media\/1349"}],"wp:attachment":[{"href":"https:\/\/orbit-zavlahy.sk\/obchod\/wp-json\/wp\/v2\/media?parent=748"}],"wp:term":[{"taxonomy":"product_cat","embeddable":true,"href":"https:\/\/orbit-zavlahy.sk\/obchod\/wp-json\/wp\/v2\/product_cat?post=748"},{"taxonomy":"product_tag","embeddable":true,"href":"https:\/\/orbit-zavlahy.sk\/obchod\/wp-json\/wp\/v2\/product_tag?post=748"}],"curies":[{"name":"wp","href":"https:\/\/api.w.org\/{rel}","templated":true}]}}