{"id":746,"date":"2020-11-10T13:17:02","date_gmt":"2020-11-10T12:17:02","guid":{"rendered":"https:\/\/orbit-zavlahy.sk\/eshop\/?post_type=product&#038;p=746"},"modified":"2021-01-19T14:33:39","modified_gmt":"2021-01-19T13:33:39","slug":"b-hyve-xr-vonkajsia-vnutorna-wifi-riadiaca-jednotka","status":"publish","type":"product","link":"https:\/\/orbit-zavlahy.sk\/obchod\/product\/b-hyve-xr-vonkajsia-vnutorna-wifi-riadiaca-jednotka\/","title":{"rendered":"B-hyve\u00ae XR vonkaj\u0161ia\/vn\u00fatorn\u00e1 WIFI riadiaca jednotka"},"content":{"rendered":"","protected":false},"excerpt":{"rendered":"<p>Riadiaca jednotka s podporou Wi-Fi, Bluetooth\u00ae a 900 MHz umo\u017e\u0148uje programovanie a ovl\u00e1danie nap\u00e1jania pomocou telef\u00f3nu odkia\u013eko\u013evek prostredn\u00edctvom aplik\u00e1cie B-hyve\u00ae. Technol\u00f3gia WeatherSense \u2122 poskytuje inteligentn\u00e9 zavla\u017eovanie zalo\u017een\u00e9 na miestnych poveternostn\u00fdch podmienkach a lokalite. Elegantn\u00fd dizajn obsahuje 3 LED obrazovky, ktor\u00e9 zobrazuj\u00fa inform\u00e1cie ako s\u00fa teplota, \u010das a \u010fal\u0161\u00ed pl\u00e1n zavla\u017eovania.<\/p>\n","protected":false},"featured_media":1555,"template":"","meta":{"spay_email":""},"product_cat":[23,37],"product_tag":[],"_links":{"self":[{"href":"https:\/\/orbit-zavlahy.sk\/obchod\/wp-json\/wp\/v2\/product\/746"}],"collection":[{"href":"https:\/\/orbit-zavlahy.sk\/obchod\/wp-json\/wp\/v2\/product"}],"about":[{"href":"https:\/\/orbit-zavlahy.sk\/obchod\/wp-json\/wp\/v2\/types\/product"}],"wp:featuredmedia":[{"embeddable":true,"href":"https:\/\/orbit-zavlahy.sk\/obchod\/wp-json\/wp\/v2\/media\/1555"}],"wp:attachment":[{"href":"https:\/\/orbit-zavlahy.sk\/obchod\/wp-json\/wp\/v2\/media?parent=746"}],"wp:term":[{"taxonomy":"product_cat","embeddable":true,"href":"https:\/\/orbit-zavlahy.sk\/obchod\/wp-json\/wp\/v2\/product_cat?post=746"},{"taxonomy":"product_tag","embeddable":true,"href":"https:\/\/orbit-zavlahy.sk\/obchod\/wp-json\/wp\/v2\/product_tag?post=746"}],"curies":[{"name":"wp","href":"https:\/\/api.w.org\/{rel}","templated":true}]}}