{"id":744,"date":"2020-11-10T13:14:09","date_gmt":"2020-11-10T12:14:09","guid":{"rendered":"https:\/\/orbit-zavlahy.sk\/eshop\/?post_type=product&#038;p=744"},"modified":"2021-07-23T12:02:01","modified_gmt":"2021-07-23T10:02:01","slug":"riadiaca-jednotka-orbit-easy-set-logic-s-dialkovym-ovladanim","status":"publish","type":"product","link":"https:\/\/orbit-zavlahy.sk\/obchod\/product\/riadiaca-jednotka-orbit-easy-set-logic-s-dialkovym-ovladanim\/","title":{"rendered":"Riadiaca jednotka \u201cOrbit easy set Logic\u201d s dia\u013ekov\u00fdm ovl\u00e1dan\u00edm &#8211; 6 vetiev"},"content":{"rendered":"<p>Na stiahnutie &#8211; N\u00c1VOD &#8211; <a href=\"https:\/\/orbit-zavlahy.sk\/obchod\/wp-content\/uploads\/2020\/11\/orbit-remote-control.pdf\">Orbit easy set Logic<\/a><\/p>\n","protected":false},"excerpt":{"rendered":"<p>Charakteristika:<br \/>\nRiadiaca jednotka ovl\u00e1da 6 zavla\u017eovac\u00edch vetiev. Riadiace jednotky rady Orbit easy set Logic prich\u00e1dzaj\u00fa vo vodotesnom boxe s integrovan\u00fdm trafom pre jednoduch\u00e9 zapojenie, ve\u013ek\u00fd LCD displej, jednoduch\u00e9 digit\u00e1lne programovanie, intuit\u00edvne ovl\u00e1danie, mo\u017enos\u0165 zamknutia vodotesn\u00e9ho boxu, tla\u010didlo odkladu \u0161tartu o 24, 48, 72 hod\u00edn, l\u00edthiov\u00e1 bat\u00e9ria pre pr\u00edpad vypnutia pr\u00fadu, tri rozdielne programy s mo\u017enos\u0165ami a\u017e dvan\u00e1stich denn\u00fdch \u0161tartov, dvierka na p\u00e1ntoch pre jednoduch\u00fa manipul\u00e1ciu, ekonomiz\u00e9r 10-100% (vhodn\u00e9 pri malej v\u00fddatnosti zdroja vody)<\/p>\n","protected":false},"featured_media":3093,"template":"","meta":{"spay_email":""},"product_cat":[23,37,78],"product_tag":[],"_links":{"self":[{"href":"https:\/\/orbit-zavlahy.sk\/obchod\/wp-json\/wp\/v2\/product\/744"}],"collection":[{"href":"https:\/\/orbit-zavlahy.sk\/obchod\/wp-json\/wp\/v2\/product"}],"about":[{"href":"https:\/\/orbit-zavlahy.sk\/obchod\/wp-json\/wp\/v2\/types\/product"}],"wp:featuredmedia":[{"embeddable":true,"href":"https:\/\/orbit-zavlahy.sk\/obchod\/wp-json\/wp\/v2\/media\/3093"}],"wp:attachment":[{"href":"https:\/\/orbit-zavlahy.sk\/obchod\/wp-json\/wp\/v2\/media?parent=744"}],"wp:term":[{"taxonomy":"product_cat","embeddable":true,"href":"https:\/\/orbit-zavlahy.sk\/obchod\/wp-json\/wp\/v2\/product_cat?post=744"},{"taxonomy":"product_tag","embeddable":true,"href":"https:\/\/orbit-zavlahy.sk\/obchod\/wp-json\/wp\/v2\/product_tag?post=744"}],"curies":[{"name":"wp","href":"https:\/\/api.w.org\/{rel}","templated":true}]}}