{"id":741,"date":"2020-11-10T13:10:21","date_gmt":"2020-11-10T12:10:21","guid":{"rendered":"https:\/\/orbit-zavlahy.sk\/eshop\/?post_type=product&#038;p=741"},"modified":"2024-12-02T23:38:26","modified_gmt":"2024-12-02T22:38:26","slug":"riadiaca-jednotka-orbit-b-hyve-s-ovladanim-cez-wifi-mobilnou-aplikaciou","status":"publish","type":"product","link":"https:\/\/orbit-zavlahy.sk\/obchod\/product\/riadiaca-jednotka-orbit-b-hyve-s-ovladanim-cez-wifi-mobilnou-aplikaciou\/","title":{"rendered":"Riadiaca jednotka \u201cOrbit B-hyve\u201d s ovl\u00e1dan\u00edm cez wifi mobilnou aplik\u00e1ciou"},"content":{"rendered":"<p>Na stiahnutie: <a href=\"https:\/\/orbit-zavlahy.sk\/PDF\/bhyve-user-manual-v2-sk.pdf\">Orbit B-hyve<\/a><\/p>\n","protected":false},"excerpt":{"rendered":"<p>Charakteristika:<br \/>\nORBIT B-hyveTM &#8211; wifi riadiaca jednotka ovl\u00e1da 6 a\u017e 12 zavla\u017eovac\u00edch vetiev,\u00a0 pon\u00faka mo\u017enos\u0165 jednoduch\u00e9ho ovl\u00e1dania cez wifi siete.<br \/>\nU\u017e\u00edvatelia vedia ovl\u00e1da\u0165 riadiacu jednotku pomocou u\u017e\u00edvate\u013eskej platformy android alebo iOS aplik\u00e1ciami,<br \/>\nz ich po\u010d\u00edta\u010dov, v intuit\u00edvnom u\u017e\u00edvate\u013eskom rozhran\u00ed<br \/>\nRiadiaca jednotka B-hyveTM wifi ovl\u00e1da 6 alebo 12 zavla\u017eovac\u00edch vetiev.<\/p>\n","protected":false},"featured_media":1554,"template":"","meta":{"spay_email":""},"product_cat":[23,37],"product_tag":[75],"_links":{"self":[{"href":"https:\/\/orbit-zavlahy.sk\/obchod\/wp-json\/wp\/v2\/product\/741"}],"collection":[{"href":"https:\/\/orbit-zavlahy.sk\/obchod\/wp-json\/wp\/v2\/product"}],"about":[{"href":"https:\/\/orbit-zavlahy.sk\/obchod\/wp-json\/wp\/v2\/types\/product"}],"wp:featuredmedia":[{"embeddable":true,"href":"https:\/\/orbit-zavlahy.sk\/obchod\/wp-json\/wp\/v2\/media\/1554"}],"wp:attachment":[{"href":"https:\/\/orbit-zavlahy.sk\/obchod\/wp-json\/wp\/v2\/media?parent=741"}],"wp:term":[{"taxonomy":"product_cat","embeddable":true,"href":"https:\/\/orbit-zavlahy.sk\/obchod\/wp-json\/wp\/v2\/product_cat?post=741"},{"taxonomy":"product_tag","embeddable":true,"href":"https:\/\/orbit-zavlahy.sk\/obchod\/wp-json\/wp\/v2\/product_tag?post=741"}],"curies":[{"name":"wp","href":"https:\/\/api.w.org\/{rel}","templated":true}]}}