{"id":734,"date":"2020-11-10T12:38:52","date_gmt":"2020-11-10T11:38:52","guid":{"rendered":"https:\/\/orbit-zavlahy.sk\/eshop\/?post_type=product&#038;p=734"},"modified":"2024-07-16T20:08:48","modified_gmt":"2024-07-16T18:08:48","slug":"riadiaca-jednotka-orbit-slide-control","status":"publish","type":"product","link":"https:\/\/orbit-zavlahy.sk\/obchod\/product\/riadiaca-jednotka-orbit-slide-control\/","title":{"rendered":"Riadiaca jednotka \u201cOrbit Slide Control\u201d"},"content":{"rendered":"<p>Na stiahnutie &#8211; N\u00c1VOD &#8211; <a href=\"https:\/\/orbit-zavlahy.sk\/obchod\/wp-content\/uploads\/2020\/11\/orbit-slide-control.pdf\">Orbit Slide Control<\/a><\/p>\n","protected":false},"excerpt":{"rendered":"<p>Charakteristika:<br \/>\nriadiace jednotka rady Orbit easy set Logic ovl\u00e1da 4 a\u017e 12 zavla\u017eovac\u00edch vetiev,\u00a0 prich\u00e1dza vo vodotesnom boxe s integrovan\u00fdm trafom pre<br \/>\njednoduch\u00e9 zapojenie, ve\u013ek\u00fd LCD displej, jednoduch\u00e9 programovanie, mo\u017enos\u0165 uzamknutia vodotesn\u00e9ho<br \/>\nboxu, tla\u010didlo odkladu \u0161tartu, l\u00edtiov\u00e1 bat\u00e9ria pre pr\u00edpad vypadnutia pr\u00fadu, tri rozdielne programy<br \/>\ns mo\u017enos\u0165ami a\u017e \u00f4smich denn\u00fdch \u0161tartov, dvierka na p\u00e1ntoch pre jednoduch\u00fa manipul\u00e1ciu<\/p>\n","protected":false},"featured_media":1346,"template":"","meta":{"spay_email":""},"product_cat":[23,36],"product_tag":[],"_links":{"self":[{"href":"https:\/\/orbit-zavlahy.sk\/obchod\/wp-json\/wp\/v2\/product\/734"}],"collection":[{"href":"https:\/\/orbit-zavlahy.sk\/obchod\/wp-json\/wp\/v2\/product"}],"about":[{"href":"https:\/\/orbit-zavlahy.sk\/obchod\/wp-json\/wp\/v2\/types\/product"}],"wp:featuredmedia":[{"embeddable":true,"href":"https:\/\/orbit-zavlahy.sk\/obchod\/wp-json\/wp\/v2\/media\/1346"}],"wp:attachment":[{"href":"https:\/\/orbit-zavlahy.sk\/obchod\/wp-json\/wp\/v2\/media?parent=734"}],"wp:term":[{"taxonomy":"product_cat","embeddable":true,"href":"https:\/\/orbit-zavlahy.sk\/obchod\/wp-json\/wp\/v2\/product_cat?post=734"},{"taxonomy":"product_tag","embeddable":true,"href":"https:\/\/orbit-zavlahy.sk\/obchod\/wp-json\/wp\/v2\/product_tag?post=734"}],"curies":[{"name":"wp","href":"https:\/\/api.w.org\/{rel}","templated":true}]}}